{"id":991,"date":"2026-01-22T10:00:39","date_gmt":"2026-01-22T10:00:39","guid":{"rendered":"https:\/\/roadmapper.se\/?page_id=991"},"modified":"2026-04-02T12:49:12","modified_gmt":"2026-04-02T12:49:12","slug":"mer-om-oss","status":"publish","type":"page","link":"https:\/\/roadmapper.se\/en\/om-oss\/mer-om-oss\/","title":{"rendered":"More About Who We Are"},"content":{"rendered":"<p class=\"translation-block\"><strong>Swedish Roadmapper Laboratory<\/strong>  is not a legal entity but an open web platform and knowledge environment where research, analysis and practical tools are brought together, developed and made accessible to support the transition to sustainable energy and societal systems.<\/p>\n\n\n\n<p>The platform serves as an interface between academic research, applied systems analysis and real-world decision support. Its purpose is to make complex system choices easier to understand, compare and evaluate. <\/p>\n\n\n\n<p>The work brought together within Swedish Roadmapper Laboratory builds on research conducted within the SustainTrans group at the Division of Strategic Sustainable Development at Blekinge Institute of Technology (BTH). This research foundation is further extended through applied studies, scenario modelling and the development of analytical tools. <\/p>\n\n\n\n<p class=\"translation-block\">The platform includes, among other things: <br>\u2013analytical frameworks for energy systems and industrial transition <br>\u2013 scenario models and computational tools <br>\u2013 transparent assumptions and data foundations <br>\u2013 visualisations of system dynamics and transition pathways<\/p>\n\n\n\n<p>The Roadmapper Tool and related analyses enable users to explore how different assumptions and decisions shape future development pathways. Transparency in methods, data and underlying logic is a core principle. <\/p>\n\n\n\n<p>Consulting assignments and commissioned analyses are carried out through Swedish Roadmapper Consulting AB that constitutes a separate legal entity. These assignments apply methods and tools developed within the SustainTrans group and Swedish Roadmapper Laboratory.<\/p>\n\n\n\n<p>Swedish Roadmapper Laboratory thus acts as a bridge between research, practical application and open knowledge sharing.<\/p>\n\n\n\n<h2 class=\"wp-block-heading\"><br><br><\/h2>\n\n\n\n<p><\/p>","protected":false},"excerpt":{"rendered":"<p>Swedish Roadmapper Laboratory \u00e4r inte en juridisk organisation utan en \u00f6ppen webbplattform och kunskapsmilj\u00f6 d\u00e4r forskning, analys och praktiska verktyg samlas, utvecklas och g\u00f6rs tillg\u00e4ngliga f\u00f6r att st\u00f6dja omst\u00e4llningen till h\u00e5llbara energi- och samh\u00e4llssystem. Plattformen fungerar som ett gr\u00e4nssnitt mellan akademisk forskning, till\u00e4mpad systemanalys och praktiskt beslutsst\u00f6d. Syftet \u00e4r att g\u00f6ra komplexa systemval mer begripliga, [&hellip;]<\/p>","protected":false},"author":4,"featured_media":0,"parent":770,"menu_order":0,"comment_status":"closed","ping_status":"closed","template":"","meta":{"footnotes":""},"class_list":["post-991","page","type-page","status-publish","hentry"],"yoast_head":"<!-- This site is optimized with the Yoast SEO plugin v26.7 - https:\/\/yoast.com\/wordpress\/plugins\/seo\/ -->\n<title>Mer om vilka vi \u00e4r - Roadmapper<\/title>\n<meta name=\"robots\" content=\"index, follow, max-snippet:-1, max-image-preview:large, max-video-preview:-1\" \/>\n<link rel=\"canonical\" href=\"https:\/\/roadmapper.se\/en\/om-oss\/mer-om-oss\/\" \/>\n<meta property=\"og:locale\" content=\"en_GB\" \/>\n<meta property=\"og:type\" content=\"article\" \/>\n<meta property=\"og:title\" content=\"Mer om vilka vi \u00e4r - Roadmapper\" \/>\n<meta property=\"og:description\" content=\"Swedish Roadmapper Laboratory \u00e4r inte en juridisk organisation utan en \u00f6ppen webbplattform och kunskapsmilj\u00f6 d\u00e4r forskning, analys och praktiska verktyg samlas, utvecklas och g\u00f6rs tillg\u00e4ngliga f\u00f6r att st\u00f6dja omst\u00e4llningen till h\u00e5llbara energi- och samh\u00e4llssystem. Plattformen fungerar som ett gr\u00e4nssnitt mellan akademisk forskning, till\u00e4mpad systemanalys och praktiskt beslutsst\u00f6d. Syftet \u00e4r att g\u00f6ra komplexa systemval mer begripliga, [&hellip;]\" \/>\n<meta property=\"og:url\" content=\"https:\/\/roadmapper.se\/en\/om-oss\/mer-om-oss\/\" \/>\n<meta property=\"og:site_name\" content=\"Roadmapper\" \/>\n<meta property=\"article:modified_time\" content=\"2026-04-02T12:49:12+00:00\" \/>\n<meta name=\"twitter:card\" content=\"summary_large_image\" \/>\n<meta name=\"twitter:label1\" content=\"Estimated reading time\" \/>\n\t<meta name=\"twitter:data1\" content=\"1 minute\" \/>\n<script type=\"application\/ld+json\" class=\"yoast-schema-graph\">{\"@context\":\"https:\/\/schema.org\",\"@graph\":[{\"@type\":\"WebPage\",\"@id\":\"https:\/\/roadmapper.se\/om-oss\/mer-om-oss\/\",\"url\":\"https:\/\/roadmapper.se\/om-oss\/mer-om-oss\/\",\"name\":\"Mer om vilka vi \u00e4r - Roadmapper\",\"isPartOf\":{\"@id\":\"https:\/\/roadmapper.se\/#website\"},\"datePublished\":\"2026-01-22T10:00:39+00:00\",\"dateModified\":\"2026-04-02T12:49:12+00:00\",\"breadcrumb\":{\"@id\":\"https:\/\/roadmapper.se\/om-oss\/mer-om-oss\/#breadcrumb\"},\"inLanguage\":\"en-GB\",\"potentialAction\":[{\"@type\":\"ReadAction\",\"target\":[\"https:\/\/roadmapper.se\/om-oss\/mer-om-oss\/\"]}]},{\"@type\":\"BreadcrumbList\",\"@id\":\"https:\/\/roadmapper.se\/om-oss\/mer-om-oss\/#breadcrumb\",\"itemListElement\":[{\"@type\":\"ListItem\",\"position\":1,\"name\":\"Hem\",\"item\":\"https:\/\/roadmapper.se\/\"},{\"@type\":\"ListItem\",\"position\":2,\"name\":\"Om oss\",\"item\":\"https:\/\/roadmapper.se\/om-oss\/\"},{\"@type\":\"ListItem\",\"position\":3,\"name\":\"Mer om vilka vi \u00e4r\"}]},{\"@type\":\"WebSite\",\"@id\":\"https:\/\/roadmapper.se\/#website\",\"url\":\"https:\/\/roadmapper.se\/\",\"name\":\"The Swedish Roadmapper Laboratory\",\"description\":\"Ett initiativ f\u00f6r omst\u00e4llning \u2013 fr\u00e5n forskning till f\u00f6r\u00e4ndring\",\"publisher\":{\"@id\":\"https:\/\/roadmapper.se\/#organization\"},\"potentialAction\":[{\"@type\":\"SearchAction\",\"target\":{\"@type\":\"EntryPoint\",\"urlTemplate\":\"https:\/\/roadmapper.se\/?s={search_term_string}\"},\"query-input\":{\"@type\":\"PropertyValueSpecification\",\"valueRequired\":true,\"valueName\":\"search_term_string\"}}],\"inLanguage\":\"en-GB\"},{\"@type\":\"Organization\",\"@id\":\"https:\/\/roadmapper.se\/#organization\",\"name\":\"The Swedish Roadmapper Laboratory\",\"url\":\"https:\/\/roadmapper.se\/\",\"logo\":{\"@type\":\"ImageObject\",\"inLanguage\":\"en-GB\",\"@id\":\"https:\/\/roadmapper.se\/#\/schema\/logo\/image\/\",\"url\":\"https:\/\/roadmapper.se\/wp-content\/uploads\/2026\/01\/rm-lab-petrol-b1100px.png\",\"contentUrl\":\"https:\/\/roadmapper.se\/wp-content\/uploads\/2026\/01\/rm-lab-petrol-b1100px.png\",\"width\":1100,\"height\":519,\"caption\":\"The Swedish Roadmapper Laboratory\"},\"image\":{\"@id\":\"https:\/\/roadmapper.se\/#\/schema\/logo\/image\/\"},\"sameAs\":[\"https:\/\/www.linkedin.com\/in\/henrik-ny-938ba9\/\"]}]}<\/script>\n<!-- \/ Yoast SEO plugin. -->","yoast_head_json":{"title":"Mer om vilka vi \u00e4r - Roadmapper","robots":{"index":"index","follow":"follow","max-snippet":"max-snippet:-1","max-image-preview":"max-image-preview:large","max-video-preview":"max-video-preview:-1"},"canonical":"https:\/\/roadmapper.se\/en\/om-oss\/mer-om-oss\/","og_locale":"en_GB","og_type":"article","og_title":"Mer om vilka vi \u00e4r - Roadmapper","og_description":"Swedish Roadmapper Laboratory \u00e4r inte en juridisk organisation utan en \u00f6ppen webbplattform och kunskapsmilj\u00f6 d\u00e4r forskning, analys och praktiska verktyg samlas, utvecklas och g\u00f6rs tillg\u00e4ngliga f\u00f6r att st\u00f6dja omst\u00e4llningen till h\u00e5llbara energi- och samh\u00e4llssystem. Plattformen fungerar som ett gr\u00e4nssnitt mellan akademisk forskning, till\u00e4mpad systemanalys och praktiskt beslutsst\u00f6d. Syftet \u00e4r att g\u00f6ra komplexa systemval mer begripliga, [&hellip;]","og_url":"https:\/\/roadmapper.se\/en\/om-oss\/mer-om-oss\/","og_site_name":"Roadmapper","article_modified_time":"2026-04-02T12:49:12+00:00","twitter_card":"summary_large_image","twitter_misc":{"Estimated reading time":"1 minute"},"schema":{"@context":"https:\/\/schema.org","@graph":[{"@type":"WebPage","@id":"https:\/\/roadmapper.se\/om-oss\/mer-om-oss\/","url":"https:\/\/roadmapper.se\/om-oss\/mer-om-oss\/","name":"Mer om vilka vi \u00e4r - Roadmapper","isPartOf":{"@id":"https:\/\/roadmapper.se\/#website"},"datePublished":"2026-01-22T10:00:39+00:00","dateModified":"2026-04-02T12:49:12+00:00","breadcrumb":{"@id":"https:\/\/roadmapper.se\/om-oss\/mer-om-oss\/#breadcrumb"},"inLanguage":"en-GB","potentialAction":[{"@type":"ReadAction","target":["https:\/\/roadmapper.se\/om-oss\/mer-om-oss\/"]}]},{"@type":"BreadcrumbList","@id":"https:\/\/roadmapper.se\/om-oss\/mer-om-oss\/#breadcrumb","itemListElement":[{"@type":"ListItem","position":1,"name":"Hem","item":"https:\/\/roadmapper.se\/"},{"@type":"ListItem","position":2,"name":"Om oss","item":"https:\/\/roadmapper.se\/om-oss\/"},{"@type":"ListItem","position":3,"name":"Mer om vilka vi \u00e4r"}]},{"@type":"WebSite","@id":"https:\/\/roadmapper.se\/#website","url":"https:\/\/roadmapper.se\/","name":"The Swedish Roadmapper Laboratory","description":"Ett initiativ f\u00f6r omst\u00e4llning \u2013 fr\u00e5n forskning till f\u00f6r\u00e4ndring","publisher":{"@id":"https:\/\/roadmapper.se\/#organization"},"potentialAction":[{"@type":"SearchAction","target":{"@type":"EntryPoint","urlTemplate":"https:\/\/roadmapper.se\/?s={search_term_string}"},"query-input":{"@type":"PropertyValueSpecification","valueRequired":true,"valueName":"search_term_string"}}],"inLanguage":"en-GB"},{"@type":"Organization","@id":"https:\/\/roadmapper.se\/#organization","name":"The Swedish Roadmapper Laboratory","url":"https:\/\/roadmapper.se\/","logo":{"@type":"ImageObject","inLanguage":"en-GB","@id":"https:\/\/roadmapper.se\/#\/schema\/logo\/image\/","url":"https:\/\/roadmapper.se\/wp-content\/uploads\/2026\/01\/rm-lab-petrol-b1100px.png","contentUrl":"https:\/\/roadmapper.se\/wp-content\/uploads\/2026\/01\/rm-lab-petrol-b1100px.png","width":1100,"height":519,"caption":"The Swedish Roadmapper Laboratory"},"image":{"@id":"https:\/\/roadmapper.se\/#\/schema\/logo\/image\/"},"sameAs":["https:\/\/www.linkedin.com\/in\/henrik-ny-938ba9\/"]}]}},"_links":{"self":[{"href":"https:\/\/roadmapper.se\/en\/wp-json\/wp\/v2\/pages\/991","targetHints":{"allow":["GET"]}}],"collection":[{"href":"https:\/\/roadmapper.se\/en\/wp-json\/wp\/v2\/pages"}],"about":[{"href":"https:\/\/roadmapper.se\/en\/wp-json\/wp\/v2\/types\/page"}],"author":[{"embeddable":true,"href":"https:\/\/roadmapper.se\/en\/wp-json\/wp\/v2\/users\/4"}],"replies":[{"embeddable":true,"href":"https:\/\/roadmapper.se\/en\/wp-json\/wp\/v2\/comments?post=991"}],"version-history":[{"count":8,"href":"https:\/\/roadmapper.se\/en\/wp-json\/wp\/v2\/pages\/991\/revisions"}],"predecessor-version":[{"id":1096,"href":"https:\/\/roadmapper.se\/en\/wp-json\/wp\/v2\/pages\/991\/revisions\/1096"}],"up":[{"embeddable":true,"href":"https:\/\/roadmapper.se\/en\/wp-json\/wp\/v2\/pages\/770"}],"wp:attachment":[{"href":"https:\/\/roadmapper.se\/en\/wp-json\/wp\/v2\/media?parent=991"}],"curies":[{"name":"wp","href":"https:\/\/api.w.org\/{rel}","templated":true}]}}