{"id":767,"date":"2026-01-15T14:48:45","date_gmt":"2026-01-15T14:48:45","guid":{"rendered":"https:\/\/roadmapper.se\/?page_id=767"},"modified":"2026-02-06T22:52:17","modified_gmt":"2026-02-06T22:52:17","slug":"oversikt-tjanster","status":"publish","type":"page","link":"https:\/\/roadmapper.se\/en\/oversikt-tjanster\/","title":{"rendered":"Services"},"content":{"rendered":"<p class=\"translation-block\">The Swedish Roadmapper Laboratory supports organizations in navigating sustainability transitions buy applying research developed within <strong>SustainTrans Research Team vid Blekinge Tekniska H\u00f6gskola (BTH)<\/strong>. This research integrates <strong>the Framework for Strategic Sustainable Development (FSSD)<\/strong> with <strong>system analysis<\/strong> and <strong>system dynamic understanding<\/strong>.<\/p>\n\n\n\n<p>This ensures:<\/p>\n\n\n\n<ul class=\"wp-block-list\">\n<li>methodological integrity<\/li>\n\n\n\n<li>research anchoring<\/li>\n\n\n\n<li>clear commercial guidance<br><br><\/li>\n<\/ul>\n\n\n\n<p class=\"translation-block\">All commercial projects are delivered through <strong>Roadmapper Consulting<\/strong>, the consulting arm of the Laboratory.<\/p>\n\n\n\n<p>Our services are structured as clearly defined packages, where the same underlying logic is applied to an increasing depth.<\/p>\n\n\n\n<ul class=\"wp-block-list\">\n<li><strong><em><a href=\"https:\/\/roadmapper.se\/en\/oversikt-tjanster\/vardedriven-hallbarhetsomstallning\/\">Value-driven sustainability transition<\/a><\/em><\/strong><\/li>\n\n\n\n<li><strong><em><a href=\"https:\/\/roadmapper.se\/en\/tjanster\/klimatbudget-och-modellering-av-losningsvagar\/\" data-type=\"page\" data-id=\"428\">Climate Budgeting with Solutions Modeling<\/a><\/em><\/strong><\/li>\n\n\n\n<li><em><strong><a href=\"https:\/\/roadmapper.se\/en\/workshops-lectures-strategic-support\/\" data-type=\"page\" data-id=\"430\">Workshops, lectures and other strategic support<\/a><\/strong><\/em><\/li>\n<\/ul>\n\n\n\n<p><\/p>\n\n\n\n<p><\/p>","protected":false},"excerpt":{"rendered":"<p>The Swedish Roadmapper Laboratory st\u00f6djer organisationer i att navigera h\u00e5llbarhetsomst\u00e4llningar genom att till\u00e4mpa forskning utvecklad inom SustainTrans Research Team vid Blekinge Tekniska H\u00f6gskola (BTH). Denna forskning integrerar Ramverket f\u00f6r strategisk h\u00e5llbar utveckling (FSSD) med systemanalys och systemdynamisk f\u00f6rst\u00e5else. Detta s\u00e4kerst\u00e4ller: Alla kommersiella uppdrag levereras genom Roadmapper Consulting, laboratoriets konsultativa verksamhetsarm. V\u00e5ra tj\u00e4nster \u00e4r strukturerade som [&hellip;]<\/p>","protected":false},"author":4,"featured_media":0,"parent":0,"menu_order":0,"comment_status":"closed","ping_status":"closed","template":"","meta":{"footnotes":""},"class_list":["post-767","page","type-page","status-publish","hentry"],"yoast_head":"<!-- This site is optimized with the Yoast SEO plugin v26.7 - https:\/\/yoast.com\/wordpress\/plugins\/seo\/ -->\n<title>Tj\u00e4nster - Roadmapper<\/title>\n<meta name=\"robots\" content=\"index, follow, max-snippet:-1, max-image-preview:large, max-video-preview:-1\" \/>\n<link rel=\"canonical\" href=\"https:\/\/roadmapper.se\/en\/oversikt-tjanster\/\" \/>\n<meta property=\"og:locale\" content=\"en_GB\" \/>\n<meta property=\"og:type\" content=\"article\" \/>\n<meta property=\"og:title\" content=\"Tj\u00e4nster - Roadmapper\" \/>\n<meta property=\"og:description\" content=\"The Swedish Roadmapper Laboratory st\u00f6djer organisationer i att navigera h\u00e5llbarhetsomst\u00e4llningar genom att till\u00e4mpa forskning utvecklad inom SustainTrans Research Team vid Blekinge Tekniska H\u00f6gskola (BTH). Denna forskning integrerar Ramverket f\u00f6r strategisk h\u00e5llbar utveckling (FSSD) med systemanalys och systemdynamisk f\u00f6rst\u00e5else. Detta s\u00e4kerst\u00e4ller: Alla kommersiella uppdrag levereras genom Roadmapper Consulting, laboratoriets konsultativa verksamhetsarm. V\u00e5ra tj\u00e4nster \u00e4r strukturerade som [&hellip;]\" \/>\n<meta property=\"og:url\" content=\"https:\/\/roadmapper.se\/en\/oversikt-tjanster\/\" \/>\n<meta property=\"og:site_name\" content=\"Roadmapper\" \/>\n<meta property=\"article:modified_time\" content=\"2026-02-06T22:52:17+00:00\" \/>\n<meta name=\"twitter:card\" content=\"summary_large_image\" \/>\n<meta name=\"twitter:label1\" content=\"Estimated reading time\" \/>\n\t<meta name=\"twitter:data1\" content=\"1 minute\" \/>\n<script type=\"application\/ld+json\" class=\"yoast-schema-graph\">{\"@context\":\"https:\/\/schema.org\",\"@graph\":[{\"@type\":\"WebPage\",\"@id\":\"https:\/\/roadmapper.se\/oversikt-tjanster\/\",\"url\":\"https:\/\/roadmapper.se\/oversikt-tjanster\/\",\"name\":\"Tj\u00e4nster - Roadmapper\",\"isPartOf\":{\"@id\":\"https:\/\/roadmapper.se\/#website\"},\"datePublished\":\"2026-01-15T14:48:45+00:00\",\"dateModified\":\"2026-02-06T22:52:17+00:00\",\"breadcrumb\":{\"@id\":\"https:\/\/roadmapper.se\/oversikt-tjanster\/#breadcrumb\"},\"inLanguage\":\"en-GB\",\"potentialAction\":[{\"@type\":\"ReadAction\",\"target\":[\"https:\/\/roadmapper.se\/oversikt-tjanster\/\"]}]},{\"@type\":\"BreadcrumbList\",\"@id\":\"https:\/\/roadmapper.se\/oversikt-tjanster\/#breadcrumb\",\"itemListElement\":[{\"@type\":\"ListItem\",\"position\":1,\"name\":\"Hem\",\"item\":\"https:\/\/roadmapper.se\/\"},{\"@type\":\"ListItem\",\"position\":2,\"name\":\"Tj\u00e4nster\"}]},{\"@type\":\"WebSite\",\"@id\":\"https:\/\/roadmapper.se\/#website\",\"url\":\"https:\/\/roadmapper.se\/\",\"name\":\"The Swedish Roadmapper Laboratory\",\"description\":\"Ett initiativ f\u00f6r omst\u00e4llning \u2013 fr\u00e5n forskning till f\u00f6r\u00e4ndring\",\"publisher\":{\"@id\":\"https:\/\/roadmapper.se\/#organization\"},\"potentialAction\":[{\"@type\":\"SearchAction\",\"target\":{\"@type\":\"EntryPoint\",\"urlTemplate\":\"https:\/\/roadmapper.se\/?s={search_term_string}\"},\"query-input\":{\"@type\":\"PropertyValueSpecification\",\"valueRequired\":true,\"valueName\":\"search_term_string\"}}],\"inLanguage\":\"en-GB\"},{\"@type\":\"Organization\",\"@id\":\"https:\/\/roadmapper.se\/#organization\",\"name\":\"The Swedish Roadmapper Laboratory\",\"url\":\"https:\/\/roadmapper.se\/\",\"logo\":{\"@type\":\"ImageObject\",\"inLanguage\":\"en-GB\",\"@id\":\"https:\/\/roadmapper.se\/#\/schema\/logo\/image\/\",\"url\":\"https:\/\/roadmapper.se\/wp-content\/uploads\/2026\/01\/rm-lab-petrol-b1100px.png\",\"contentUrl\":\"https:\/\/roadmapper.se\/wp-content\/uploads\/2026\/01\/rm-lab-petrol-b1100px.png\",\"width\":1100,\"height\":519,\"caption\":\"The Swedish Roadmapper Laboratory\"},\"image\":{\"@id\":\"https:\/\/roadmapper.se\/#\/schema\/logo\/image\/\"},\"sameAs\":[\"https:\/\/www.linkedin.com\/in\/henrik-ny-938ba9\/\"]}]}<\/script>\n<!-- \/ Yoast SEO plugin. -->","yoast_head_json":{"title":"Tj\u00e4nster - Roadmapper","robots":{"index":"index","follow":"follow","max-snippet":"max-snippet:-1","max-image-preview":"max-image-preview:large","max-video-preview":"max-video-preview:-1"},"canonical":"https:\/\/roadmapper.se\/en\/oversikt-tjanster\/","og_locale":"en_GB","og_type":"article","og_title":"Tj\u00e4nster - Roadmapper","og_description":"The Swedish Roadmapper Laboratory st\u00f6djer organisationer i att navigera h\u00e5llbarhetsomst\u00e4llningar genom att till\u00e4mpa forskning utvecklad inom SustainTrans Research Team vid Blekinge Tekniska H\u00f6gskola (BTH). Denna forskning integrerar Ramverket f\u00f6r strategisk h\u00e5llbar utveckling (FSSD) med systemanalys och systemdynamisk f\u00f6rst\u00e5else. Detta s\u00e4kerst\u00e4ller: Alla kommersiella uppdrag levereras genom Roadmapper Consulting, laboratoriets konsultativa verksamhetsarm. V\u00e5ra tj\u00e4nster \u00e4r strukturerade som [&hellip;]","og_url":"https:\/\/roadmapper.se\/en\/oversikt-tjanster\/","og_site_name":"Roadmapper","article_modified_time":"2026-02-06T22:52:17+00:00","twitter_card":"summary_large_image","twitter_misc":{"Estimated reading time":"1 minute"},"schema":{"@context":"https:\/\/schema.org","@graph":[{"@type":"WebPage","@id":"https:\/\/roadmapper.se\/oversikt-tjanster\/","url":"https:\/\/roadmapper.se\/oversikt-tjanster\/","name":"Tj\u00e4nster - Roadmapper","isPartOf":{"@id":"https:\/\/roadmapper.se\/#website"},"datePublished":"2026-01-15T14:48:45+00:00","dateModified":"2026-02-06T22:52:17+00:00","breadcrumb":{"@id":"https:\/\/roadmapper.se\/oversikt-tjanster\/#breadcrumb"},"inLanguage":"en-GB","potentialAction":[{"@type":"ReadAction","target":["https:\/\/roadmapper.se\/oversikt-tjanster\/"]}]},{"@type":"BreadcrumbList","@id":"https:\/\/roadmapper.se\/oversikt-tjanster\/#breadcrumb","itemListElement":[{"@type":"ListItem","position":1,"name":"Hem","item":"https:\/\/roadmapper.se\/"},{"@type":"ListItem","position":2,"name":"Tj\u00e4nster"}]},{"@type":"WebSite","@id":"https:\/\/roadmapper.se\/#website","url":"https:\/\/roadmapper.se\/","name":"The Swedish Roadmapper Laboratory","description":"Ett initiativ f\u00f6r omst\u00e4llning \u2013 fr\u00e5n forskning till f\u00f6r\u00e4ndring","publisher":{"@id":"https:\/\/roadmapper.se\/#organization"},"potentialAction":[{"@type":"SearchAction","target":{"@type":"EntryPoint","urlTemplate":"https:\/\/roadmapper.se\/?s={search_term_string}"},"query-input":{"@type":"PropertyValueSpecification","valueRequired":true,"valueName":"search_term_string"}}],"inLanguage":"en-GB"},{"@type":"Organization","@id":"https:\/\/roadmapper.se\/#organization","name":"The Swedish Roadmapper Laboratory","url":"https:\/\/roadmapper.se\/","logo":{"@type":"ImageObject","inLanguage":"en-GB","@id":"https:\/\/roadmapper.se\/#\/schema\/logo\/image\/","url":"https:\/\/roadmapper.se\/wp-content\/uploads\/2026\/01\/rm-lab-petrol-b1100px.png","contentUrl":"https:\/\/roadmapper.se\/wp-content\/uploads\/2026\/01\/rm-lab-petrol-b1100px.png","width":1100,"height":519,"caption":"The Swedish Roadmapper Laboratory"},"image":{"@id":"https:\/\/roadmapper.se\/#\/schema\/logo\/image\/"},"sameAs":["https:\/\/www.linkedin.com\/in\/henrik-ny-938ba9\/"]}]}},"_links":{"self":[{"href":"https:\/\/roadmapper.se\/en\/wp-json\/wp\/v2\/pages\/767","targetHints":{"allow":["GET"]}}],"collection":[{"href":"https:\/\/roadmapper.se\/en\/wp-json\/wp\/v2\/pages"}],"about":[{"href":"https:\/\/roadmapper.se\/en\/wp-json\/wp\/v2\/types\/page"}],"author":[{"embeddable":true,"href":"https:\/\/roadmapper.se\/en\/wp-json\/wp\/v2\/users\/4"}],"replies":[{"embeddable":true,"href":"https:\/\/roadmapper.se\/en\/wp-json\/wp\/v2\/comments?post=767"}],"version-history":[{"count":8,"href":"https:\/\/roadmapper.se\/en\/wp-json\/wp\/v2\/pages\/767\/revisions"}],"predecessor-version":[{"id":1075,"href":"https:\/\/roadmapper.se\/en\/wp-json\/wp\/v2\/pages\/767\/revisions\/1075"}],"wp:attachment":[{"href":"https:\/\/roadmapper.se\/en\/wp-json\/wp\/v2\/media?parent=767"}],"curies":[{"name":"wp","href":"https:\/\/api.w.org\/{rel}","templated":true}]}}