{"id":759,"date":"2026-01-15T14:32:58","date_gmt":"2026-01-15T14:32:58","guid":{"rendered":"https:\/\/roadmapper.se\/?page_id=759"},"modified":"2026-02-06T09:52:17","modified_gmt":"2026-02-06T09:52:17","slug":"oversikt","status":"publish","type":"page","link":"https:\/\/roadmapper.se\/en\/forskning-och-kunskap\/oversikt\/","title":{"rendered":"Research and Knowledge"},"content":{"rendered":"<h2 class=\"wp-block-heading\"><br><a>The intellectual home of the Swedish Roadmapper Laboratory<\/a><\/h2>\n\n\n\n<p>Many sustainability efforts fail since:<\/p>\n\n\n\n<ul class=\"wp-block-list\">\n<li>systems are poorly understood<\/li>\n\n\n\n<li>sustainability is vaguely defined<\/li>\n\n\n\n<li>interactions are not considered<\/li>\n<\/ul>\n\n\n\n<p><br>The purpose with our research and knowledge work is to address this exact gap.<\/p>\n\n\n\n<p>We believe that:<\/p>\n\n\n\n<p><strong>better understanding is a requirement for better decisions<\/strong><\/p>\n\n\n\n<p>This is why Research and Knowledge is central for the laboratory and its intellectual home.<\/p>\n\n\n\n<p class=\"translation-block\">This is where we gather our <strong><em><a href=\"https:\/\/roadmapper.se\/en\/forskning-och-kunskap\/var-forskningsgrund-sustaintransbth\/\" data-type=\"page\" data-id=\"403\" target=\"_self\">research foundation<\/a><\/em><\/strong>, structured <strong><em><a href=\"https:\/\/roadmapper.se\/en\/forskning-och-kunskap\/roadmappers-kunskapsdatabas\/\" data-type=\"page\" data-id=\"405\" target=\"_self\">knowledge database<\/a><\/em><\/strong>, ongoing <strong><em><a href=\"https:\/\/roadmapper.se\/en\/forskning-och-kunskap\/analys-och-insikter\/\" data-type=\"page\" data-id=\"408\" target=\"_self\">analysis of sustainability transition<\/a><\/em><\/strong>, <strong><em><a href=\"https:\/\/roadmapper.se\/en\/forskning-och-kunskap\/i-medierna\/\" data-type=\"page\" data-id=\"647\" target=\"_self\">media appearances<\/a><\/em><\/strong> and <strong><em><a href=\"https:\/\/roadmapper.se\/en\/forskning-och-kunskap\/rapporter-och-oppostingar\/\" data-type=\"page\" data-id=\"410\" target=\"_self\">reports and updates<\/a><\/em><\/strong>.<br><br><br><\/p>\n\n\n\n<p><\/p>","protected":false},"excerpt":{"rendered":"<p>Den intellektuella hemvisten f\u00f6r The Swedish Roadmapper Laboratory M\u00e5nga h\u00e5llbarhetsinsatser misslyckas eftersom: Syftet med v\u00e5rt forsknings- och kunskapsarbete \u00e4r att adressera exakt detta glapp. Vi tror att: b\u00e4ttre f\u00f6rst\u00e5else \u00e4r en f\u00f6ruts\u00e4ttning f\u00f6r b\u00e4ttre beslut Det \u00e4r d\u00e4rf\u00f6r Forskning &amp; Kunskap \u00e4r central f\u00f6r laboratoriet och den intellektuella hemvisten f\u00f6r The Swedish Roadmapper Laboratory. H\u00e4r [&hellip;]<\/p>","protected":false},"author":4,"featured_media":0,"parent":381,"menu_order":0,"comment_status":"closed","ping_status":"closed","template":"","meta":{"footnotes":""},"class_list":["post-759","page","type-page","status-publish","hentry"],"yoast_head":"<!-- This site is optimized with the Yoast SEO plugin v26.7 - https:\/\/yoast.com\/wordpress\/plugins\/seo\/ -->\n<title>Forskning och kunskap - Roadmapper<\/title>\n<meta name=\"robots\" content=\"index, follow, max-snippet:-1, max-image-preview:large, max-video-preview:-1\" \/>\n<link rel=\"canonical\" href=\"https:\/\/roadmapper.se\/en\/forskning-och-kunskap\/oversikt\/\" \/>\n<meta property=\"og:locale\" content=\"en_GB\" \/>\n<meta property=\"og:type\" content=\"article\" \/>\n<meta property=\"og:title\" content=\"Forskning och kunskap - Roadmapper\" \/>\n<meta property=\"og:description\" content=\"Den intellektuella hemvisten f\u00f6r The Swedish Roadmapper Laboratory M\u00e5nga h\u00e5llbarhetsinsatser misslyckas eftersom: Syftet med v\u00e5rt forsknings- och kunskapsarbete \u00e4r att adressera exakt detta glapp. Vi tror att: b\u00e4ttre f\u00f6rst\u00e5else \u00e4r en f\u00f6ruts\u00e4ttning f\u00f6r b\u00e4ttre beslut Det \u00e4r d\u00e4rf\u00f6r Forskning &amp; Kunskap \u00e4r central f\u00f6r laboratoriet och den intellektuella hemvisten f\u00f6r The Swedish Roadmapper Laboratory. H\u00e4r [&hellip;]\" \/>\n<meta property=\"og:url\" content=\"https:\/\/roadmapper.se\/en\/forskning-och-kunskap\/oversikt\/\" \/>\n<meta property=\"og:site_name\" content=\"Roadmapper\" \/>\n<meta property=\"article:modified_time\" content=\"2026-02-06T09:52:17+00:00\" \/>\n<meta name=\"twitter:card\" content=\"summary_large_image\" \/>\n<meta name=\"twitter:label1\" content=\"Estimated reading time\" \/>\n\t<meta name=\"twitter:data1\" content=\"1 minute\" \/>\n<script type=\"application\/ld+json\" class=\"yoast-schema-graph\">{\"@context\":\"https:\/\/schema.org\",\"@graph\":[{\"@type\":\"WebPage\",\"@id\":\"https:\/\/roadmapper.se\/forskning-och-kunskap\/oversikt\/\",\"url\":\"https:\/\/roadmapper.se\/forskning-och-kunskap\/oversikt\/\",\"name\":\"Forskning och kunskap - Roadmapper\",\"isPartOf\":{\"@id\":\"https:\/\/roadmapper.se\/#website\"},\"datePublished\":\"2026-01-15T14:32:58+00:00\",\"dateModified\":\"2026-02-06T09:52:17+00:00\",\"breadcrumb\":{\"@id\":\"https:\/\/roadmapper.se\/forskning-och-kunskap\/oversikt\/#breadcrumb\"},\"inLanguage\":\"en-GB\",\"potentialAction\":[{\"@type\":\"ReadAction\",\"target\":[\"https:\/\/roadmapper.se\/forskning-och-kunskap\/oversikt\/\"]}]},{\"@type\":\"BreadcrumbList\",\"@id\":\"https:\/\/roadmapper.se\/forskning-och-kunskap\/oversikt\/#breadcrumb\",\"itemListElement\":[{\"@type\":\"ListItem\",\"position\":1,\"name\":\"Hem\",\"item\":\"https:\/\/roadmapper.se\/\"},{\"@type\":\"ListItem\",\"position\":2,\"name\":\"Forskning och kunskap\",\"item\":\"https:\/\/roadmapper.se\/forskning-och-kunskap\/\"},{\"@type\":\"ListItem\",\"position\":3,\"name\":\"Forskning och kunskap\"}]},{\"@type\":\"WebSite\",\"@id\":\"https:\/\/roadmapper.se\/#website\",\"url\":\"https:\/\/roadmapper.se\/\",\"name\":\"The Swedish Roadmapper Laboratory\",\"description\":\"Ett initiativ f\u00f6r omst\u00e4llning \u2013 fr\u00e5n forskning till f\u00f6r\u00e4ndring\",\"publisher\":{\"@id\":\"https:\/\/roadmapper.se\/#organization\"},\"potentialAction\":[{\"@type\":\"SearchAction\",\"target\":{\"@type\":\"EntryPoint\",\"urlTemplate\":\"https:\/\/roadmapper.se\/?s={search_term_string}\"},\"query-input\":{\"@type\":\"PropertyValueSpecification\",\"valueRequired\":true,\"valueName\":\"search_term_string\"}}],\"inLanguage\":\"en-GB\"},{\"@type\":\"Organization\",\"@id\":\"https:\/\/roadmapper.se\/#organization\",\"name\":\"The Swedish Roadmapper Laboratory\",\"url\":\"https:\/\/roadmapper.se\/\",\"logo\":{\"@type\":\"ImageObject\",\"inLanguage\":\"en-GB\",\"@id\":\"https:\/\/roadmapper.se\/#\/schema\/logo\/image\/\",\"url\":\"https:\/\/roadmapper.se\/wp-content\/uploads\/2026\/01\/rm-lab-petrol-b1100px.png\",\"contentUrl\":\"https:\/\/roadmapper.se\/wp-content\/uploads\/2026\/01\/rm-lab-petrol-b1100px.png\",\"width\":1100,\"height\":519,\"caption\":\"The Swedish Roadmapper Laboratory\"},\"image\":{\"@id\":\"https:\/\/roadmapper.se\/#\/schema\/logo\/image\/\"},\"sameAs\":[\"https:\/\/www.linkedin.com\/in\/henrik-ny-938ba9\/\"]}]}<\/script>\n<!-- \/ Yoast SEO plugin. -->","yoast_head_json":{"title":"Forskning och kunskap - Roadmapper","robots":{"index":"index","follow":"follow","max-snippet":"max-snippet:-1","max-image-preview":"max-image-preview:large","max-video-preview":"max-video-preview:-1"},"canonical":"https:\/\/roadmapper.se\/en\/forskning-och-kunskap\/oversikt\/","og_locale":"en_GB","og_type":"article","og_title":"Forskning och kunskap - Roadmapper","og_description":"Den intellektuella hemvisten f\u00f6r The Swedish Roadmapper Laboratory M\u00e5nga h\u00e5llbarhetsinsatser misslyckas eftersom: Syftet med v\u00e5rt forsknings- och kunskapsarbete \u00e4r att adressera exakt detta glapp. Vi tror att: b\u00e4ttre f\u00f6rst\u00e5else \u00e4r en f\u00f6ruts\u00e4ttning f\u00f6r b\u00e4ttre beslut Det \u00e4r d\u00e4rf\u00f6r Forskning &amp; Kunskap \u00e4r central f\u00f6r laboratoriet och den intellektuella hemvisten f\u00f6r The Swedish Roadmapper Laboratory. H\u00e4r [&hellip;]","og_url":"https:\/\/roadmapper.se\/en\/forskning-och-kunskap\/oversikt\/","og_site_name":"Roadmapper","article_modified_time":"2026-02-06T09:52:17+00:00","twitter_card":"summary_large_image","twitter_misc":{"Estimated reading time":"1 minute"},"schema":{"@context":"https:\/\/schema.org","@graph":[{"@type":"WebPage","@id":"https:\/\/roadmapper.se\/forskning-och-kunskap\/oversikt\/","url":"https:\/\/roadmapper.se\/forskning-och-kunskap\/oversikt\/","name":"Forskning och kunskap - Roadmapper","isPartOf":{"@id":"https:\/\/roadmapper.se\/#website"},"datePublished":"2026-01-15T14:32:58+00:00","dateModified":"2026-02-06T09:52:17+00:00","breadcrumb":{"@id":"https:\/\/roadmapper.se\/forskning-och-kunskap\/oversikt\/#breadcrumb"},"inLanguage":"en-GB","potentialAction":[{"@type":"ReadAction","target":["https:\/\/roadmapper.se\/forskning-och-kunskap\/oversikt\/"]}]},{"@type":"BreadcrumbList","@id":"https:\/\/roadmapper.se\/forskning-och-kunskap\/oversikt\/#breadcrumb","itemListElement":[{"@type":"ListItem","position":1,"name":"Hem","item":"https:\/\/roadmapper.se\/"},{"@type":"ListItem","position":2,"name":"Forskning och kunskap","item":"https:\/\/roadmapper.se\/forskning-och-kunskap\/"},{"@type":"ListItem","position":3,"name":"Forskning och kunskap"}]},{"@type":"WebSite","@id":"https:\/\/roadmapper.se\/#website","url":"https:\/\/roadmapper.se\/","name":"The Swedish Roadmapper Laboratory","description":"Ett initiativ f\u00f6r omst\u00e4llning \u2013 fr\u00e5n forskning till f\u00f6r\u00e4ndring","publisher":{"@id":"https:\/\/roadmapper.se\/#organization"},"potentialAction":[{"@type":"SearchAction","target":{"@type":"EntryPoint","urlTemplate":"https:\/\/roadmapper.se\/?s={search_term_string}"},"query-input":{"@type":"PropertyValueSpecification","valueRequired":true,"valueName":"search_term_string"}}],"inLanguage":"en-GB"},{"@type":"Organization","@id":"https:\/\/roadmapper.se\/#organization","name":"The Swedish Roadmapper Laboratory","url":"https:\/\/roadmapper.se\/","logo":{"@type":"ImageObject","inLanguage":"en-GB","@id":"https:\/\/roadmapper.se\/#\/schema\/logo\/image\/","url":"https:\/\/roadmapper.se\/wp-content\/uploads\/2026\/01\/rm-lab-petrol-b1100px.png","contentUrl":"https:\/\/roadmapper.se\/wp-content\/uploads\/2026\/01\/rm-lab-petrol-b1100px.png","width":1100,"height":519,"caption":"The Swedish Roadmapper Laboratory"},"image":{"@id":"https:\/\/roadmapper.se\/#\/schema\/logo\/image\/"},"sameAs":["https:\/\/www.linkedin.com\/in\/henrik-ny-938ba9\/"]}]}},"_links":{"self":[{"href":"https:\/\/roadmapper.se\/en\/wp-json\/wp\/v2\/pages\/759","targetHints":{"allow":["GET"]}}],"collection":[{"href":"https:\/\/roadmapper.se\/en\/wp-json\/wp\/v2\/pages"}],"about":[{"href":"https:\/\/roadmapper.se\/en\/wp-json\/wp\/v2\/types\/page"}],"author":[{"embeddable":true,"href":"https:\/\/roadmapper.se\/en\/wp-json\/wp\/v2\/users\/4"}],"replies":[{"embeddable":true,"href":"https:\/\/roadmapper.se\/en\/wp-json\/wp\/v2\/comments?post=759"}],"version-history":[{"count":9,"href":"https:\/\/roadmapper.se\/en\/wp-json\/wp\/v2\/pages\/759\/revisions"}],"predecessor-version":[{"id":950,"href":"https:\/\/roadmapper.se\/en\/wp-json\/wp\/v2\/pages\/759\/revisions\/950"}],"up":[{"embeddable":true,"href":"https:\/\/roadmapper.se\/en\/wp-json\/wp\/v2\/pages\/381"}],"wp:attachment":[{"href":"https:\/\/roadmapper.se\/en\/wp-json\/wp\/v2\/media?parent=759"}],"curies":[{"name":"wp","href":"https:\/\/api.w.org\/{rel}","templated":true}]}}