{"id":647,"date":"2026-01-14T22:17:55","date_gmt":"2026-01-14T22:17:55","guid":{"rendered":"https:\/\/roadmapper.se\/?page_id=647"},"modified":"2026-01-31T11:49:34","modified_gmt":"2026-01-31T11:49:34","slug":"i-medierna","status":"publish","type":"page","link":"https:\/\/roadmapper.se\/en\/forskning-och-kunskap\/i-medierna\/","title":{"rendered":"In the Media"},"content":{"rendered":"<h2 class=\"wp-block-heading\">Contribute with Research-Based Perspectives in the Public Debate<\/h2>\n\n\n\n<p>Members from the Swedish Roadmapper Laboratory regularly contribute to the public discussion on sustainability transition, energy and transport systems as well as systemic challenges in Swedish media.<\/p>\n\n\n\n<p class=\"translation-block\">This participation is anchored in research conducted within <strong>the SustainTrans Research Team at Blekinge Institute of Technology (BTH)<\/strong> and reflects our focus on strategic sustainability and systems understanding.<\/p>\n\n\n\n<p>We engage in the media to:<\/p>\n\n\n\n<ul class=\"wp-block-list\">\n<li>explain complex sustainability transition dynamics<\/li>\n\n\n\n<li>clarify sustainability challenges and tradeoffs<\/li>\n\n\n\n<li>support an informed public dialogue<br><br><\/li>\n<\/ul>\n\n\n\n<p>This is part of our commitment to:<\/p>\n\n\n\n<p><strong>stringent, available and responsible public knowledge dissemination.<\/strong><br><br><\/p>\n\n\n\n<h2 class=\"wp-block-heading\">Areas where we contribute<\/h2>\n\n\n\n<p>Our media contributions normally cover:<\/p>\n\n\n\n<ul class=\"wp-block-list\">\n<li>the energy system transition<\/li>\n\n\n\n<li>transport and mobility transitions<\/li>\n\n\n\n<li>regional and urban sustainability challenges<\/li>\n\n\n\n<li>policy and governance dynamics<\/li>\n\n\n\n<li>systemic consequences of sustainability decisions<br><br><\/li>\n<\/ul>\n\n\n\n<p>The emphasis is on:<\/p>\n\n\n\n<p><strong>systems perspective, long term implications and strategic relevance<\/strong><br><br><\/p>\n\n\n\n<h2 class=\"wp-block-heading\">Institutional Context<\/h2>\n\n\n\n<p>Participation in the media takes place in the capacity of:<\/p>\n\n\n\n<ul class=\"wp-block-list\">\n<li>researchers at Blekinge Institute of Technology (BTH)<\/li>\n\n\n\n<li>members of the Swedish Roadmapper Laboratory<br><br><\/li>\n<\/ul>\n\n\n\n<p>This reflects:<\/p>\n\n\n\n<ul class=\"wp-block-list\">\n<li>ongoing research<\/li>\n\n\n\n<li>applied systems work<\/li>\n\n\n\n<li>knowledge development within the Laboratory<br><br><\/li>\n<\/ul>\n\n\n\n<p>This ensures:<\/p>\n\n\n\n<p><strong>intellectual integrity and institutional continuity<\/strong><\/p>\n\n\n\n<p class=\"translation-block\"><em>For academic publications and reports, see <a href=\"https:\/\/roadmapper.se\/en\/forskning-och-kunskap\/rapporter-och-uppdateringar\/\" data-type=\"page\" data-id=\"410\" target=\"_self\"><strong>Reports and Updates<\/strong><\/a>.<\/em><br><br><\/p>\n\n\n\n<h2 class=\"wp-block-heading\">Latest Media Appearances<\/h2>\n\n\n\n<p>(Lists of newspaper articles, interviews, radio\/TV spots, etc)<\/p>\n\n\n\n<p><\/p>","protected":false},"excerpt":{"rendered":"<p>Bidrag med forskningsbaserade perspektiv i offentlig debatt Medlemmar fr\u00e5n The Swedish Roadmapper Laboratory bidrar regelbundet till offentlig diskussion om h\u00e5llbarhetsomst\u00e4llningar, energisystem, transporter och systemiska utmaningar i svenska medier. Denna medverkan \u00e4r f\u00f6rankrad i forskning som bedrivs inom SustainTrans Research Team vid Blekinge Tekniska H\u00f6gskola (BTH) och speglar v\u00e5rt fokus p\u00e5 strategisk h\u00e5llbarhet och systemf\u00f6rst\u00e5else. Vi [&hellip;]<\/p>","protected":false},"author":4,"featured_media":1041,"parent":381,"menu_order":0,"comment_status":"closed","ping_status":"closed","template":"","meta":{"footnotes":""},"class_list":["post-647","page","type-page","status-publish","has-post-thumbnail","hentry"],"yoast_head":"<!-- This site is optimized with the Yoast SEO plugin v26.7 - https:\/\/yoast.com\/wordpress\/plugins\/seo\/ -->\n<title>I medierna - Roadmapper<\/title>\n<meta name=\"robots\" content=\"index, follow, max-snippet:-1, max-image-preview:large, max-video-preview:-1\" \/>\n<link rel=\"canonical\" href=\"https:\/\/roadmapper.se\/en\/forskning-och-kunskap\/i-medierna\/\" \/>\n<meta property=\"og:locale\" content=\"en_GB\" \/>\n<meta property=\"og:type\" content=\"article\" \/>\n<meta property=\"og:title\" content=\"I medierna - Roadmapper\" \/>\n<meta property=\"og:description\" content=\"Bidrag med forskningsbaserade perspektiv i offentlig debatt Medlemmar fr\u00e5n The Swedish Roadmapper Laboratory bidrar regelbundet till offentlig diskussion om h\u00e5llbarhetsomst\u00e4llningar, energisystem, transporter och systemiska utmaningar i svenska medier. Denna medverkan \u00e4r f\u00f6rankrad i forskning som bedrivs inom SustainTrans Research Team vid Blekinge Tekniska H\u00f6gskola (BTH) och speglar v\u00e5rt fokus p\u00e5 strategisk h\u00e5llbarhet och systemf\u00f6rst\u00e5else. Vi [&hellip;]\" \/>\n<meta property=\"og:url\" content=\"https:\/\/roadmapper.se\/en\/forskning-och-kunskap\/i-medierna\/\" \/>\n<meta property=\"og:site_name\" content=\"Roadmapper\" \/>\n<meta property=\"article:modified_time\" content=\"2026-01-31T11:49:34+00:00\" \/>\n<meta property=\"og:image\" content=\"https:\/\/roadmapper.se\/wp-content\/uploads\/2026\/01\/markus-spiske-2G8mnFvH8xk-unsplash-scaled.jpg\" \/>\n\t<meta property=\"og:image:width\" content=\"1707\" \/>\n\t<meta property=\"og:image:height\" content=\"2560\" \/>\n\t<meta property=\"og:image:type\" content=\"image\/jpeg\" \/>\n<meta name=\"twitter:card\" content=\"summary_large_image\" \/>\n<meta name=\"twitter:label1\" content=\"Estimated reading time\" \/>\n\t<meta name=\"twitter:data1\" content=\"2 minutes\" \/>\n<script type=\"application\/ld+json\" class=\"yoast-schema-graph\">{\"@context\":\"https:\/\/schema.org\",\"@graph\":[{\"@type\":\"WebPage\",\"@id\":\"https:\/\/roadmapper.se\/forskning-och-kunskap\/i-medierna\/\",\"url\":\"https:\/\/roadmapper.se\/forskning-och-kunskap\/i-medierna\/\",\"name\":\"I medierna - Roadmapper\",\"isPartOf\":{\"@id\":\"https:\/\/roadmapper.se\/#website\"},\"primaryImageOfPage\":{\"@id\":\"https:\/\/roadmapper.se\/forskning-och-kunskap\/i-medierna\/#primaryimage\"},\"image\":{\"@id\":\"https:\/\/roadmapper.se\/forskning-och-kunskap\/i-medierna\/#primaryimage\"},\"thumbnailUrl\":\"https:\/\/roadmapper.se\/wp-content\/uploads\/2026\/01\/markus-spiske-2G8mnFvH8xk-unsplash-scaled.jpg\",\"datePublished\":\"2026-01-14T22:17:55+00:00\",\"dateModified\":\"2026-01-31T11:49:34+00:00\",\"breadcrumb\":{\"@id\":\"https:\/\/roadmapper.se\/forskning-och-kunskap\/i-medierna\/#breadcrumb\"},\"inLanguage\":\"en-GB\",\"potentialAction\":[{\"@type\":\"ReadAction\",\"target\":[\"https:\/\/roadmapper.se\/forskning-och-kunskap\/i-medierna\/\"]}]},{\"@type\":\"ImageObject\",\"inLanguage\":\"en-GB\",\"@id\":\"https:\/\/roadmapper.se\/forskning-och-kunskap\/i-medierna\/#primaryimage\",\"url\":\"https:\/\/roadmapper.se\/wp-content\/uploads\/2026\/01\/markus-spiske-2G8mnFvH8xk-unsplash-scaled.jpg\",\"contentUrl\":\"https:\/\/roadmapper.se\/wp-content\/uploads\/2026\/01\/markus-spiske-2G8mnFvH8xk-unsplash-scaled.jpg\",\"width\":1707,\"height\":2560},{\"@type\":\"BreadcrumbList\",\"@id\":\"https:\/\/roadmapper.se\/forskning-och-kunskap\/i-medierna\/#breadcrumb\",\"itemListElement\":[{\"@type\":\"ListItem\",\"position\":1,\"name\":\"Hem\",\"item\":\"https:\/\/roadmapper.se\/\"},{\"@type\":\"ListItem\",\"position\":2,\"name\":\"Forskning och kunskap\",\"item\":\"https:\/\/roadmapper.se\/forskning-och-kunskap\/\"},{\"@type\":\"ListItem\",\"position\":3,\"name\":\"I medierna\"}]},{\"@type\":\"WebSite\",\"@id\":\"https:\/\/roadmapper.se\/#website\",\"url\":\"https:\/\/roadmapper.se\/\",\"name\":\"The Swedish Roadmapper Laboratory\",\"description\":\"Ett initiativ f\u00f6r omst\u00e4llning \u2013 fr\u00e5n forskning till f\u00f6r\u00e4ndring\",\"publisher\":{\"@id\":\"https:\/\/roadmapper.se\/#organization\"},\"potentialAction\":[{\"@type\":\"SearchAction\",\"target\":{\"@type\":\"EntryPoint\",\"urlTemplate\":\"https:\/\/roadmapper.se\/?s={search_term_string}\"},\"query-input\":{\"@type\":\"PropertyValueSpecification\",\"valueRequired\":true,\"valueName\":\"search_term_string\"}}],\"inLanguage\":\"en-GB\"},{\"@type\":\"Organization\",\"@id\":\"https:\/\/roadmapper.se\/#organization\",\"name\":\"The Swedish Roadmapper Laboratory\",\"url\":\"https:\/\/roadmapper.se\/\",\"logo\":{\"@type\":\"ImageObject\",\"inLanguage\":\"en-GB\",\"@id\":\"https:\/\/roadmapper.se\/#\/schema\/logo\/image\/\",\"url\":\"https:\/\/roadmapper.se\/wp-content\/uploads\/2026\/01\/rm-lab-petrol-b1100px.png\",\"contentUrl\":\"https:\/\/roadmapper.se\/wp-content\/uploads\/2026\/01\/rm-lab-petrol-b1100px.png\",\"width\":1100,\"height\":519,\"caption\":\"The Swedish Roadmapper Laboratory\"},\"image\":{\"@id\":\"https:\/\/roadmapper.se\/#\/schema\/logo\/image\/\"},\"sameAs\":[\"https:\/\/www.linkedin.com\/in\/henrik-ny-938ba9\/\"]}]}<\/script>\n<!-- \/ Yoast SEO plugin. -->","yoast_head_json":{"title":"I medierna - Roadmapper","robots":{"index":"index","follow":"follow","max-snippet":"max-snippet:-1","max-image-preview":"max-image-preview:large","max-video-preview":"max-video-preview:-1"},"canonical":"https:\/\/roadmapper.se\/en\/forskning-och-kunskap\/i-medierna\/","og_locale":"en_GB","og_type":"article","og_title":"I medierna - Roadmapper","og_description":"Bidrag med forskningsbaserade perspektiv i offentlig debatt Medlemmar fr\u00e5n The Swedish Roadmapper Laboratory bidrar regelbundet till offentlig diskussion om h\u00e5llbarhetsomst\u00e4llningar, energisystem, transporter och systemiska utmaningar i svenska medier. Denna medverkan \u00e4r f\u00f6rankrad i forskning som bedrivs inom SustainTrans Research Team vid Blekinge Tekniska H\u00f6gskola (BTH) och speglar v\u00e5rt fokus p\u00e5 strategisk h\u00e5llbarhet och systemf\u00f6rst\u00e5else. Vi [&hellip;]","og_url":"https:\/\/roadmapper.se\/en\/forskning-och-kunskap\/i-medierna\/","og_site_name":"Roadmapper","article_modified_time":"2026-01-31T11:49:34+00:00","og_image":[{"width":1707,"height":2560,"url":"https:\/\/roadmapper.se\/wp-content\/uploads\/2026\/01\/markus-spiske-2G8mnFvH8xk-unsplash-scaled.jpg","type":"image\/jpeg"}],"twitter_card":"summary_large_image","twitter_misc":{"Estimated reading time":"2 minutes"},"schema":{"@context":"https:\/\/schema.org","@graph":[{"@type":"WebPage","@id":"https:\/\/roadmapper.se\/forskning-och-kunskap\/i-medierna\/","url":"https:\/\/roadmapper.se\/forskning-och-kunskap\/i-medierna\/","name":"I medierna - Roadmapper","isPartOf":{"@id":"https:\/\/roadmapper.se\/#website"},"primaryImageOfPage":{"@id":"https:\/\/roadmapper.se\/forskning-och-kunskap\/i-medierna\/#primaryimage"},"image":{"@id":"https:\/\/roadmapper.se\/forskning-och-kunskap\/i-medierna\/#primaryimage"},"thumbnailUrl":"https:\/\/roadmapper.se\/wp-content\/uploads\/2026\/01\/markus-spiske-2G8mnFvH8xk-unsplash-scaled.jpg","datePublished":"2026-01-14T22:17:55+00:00","dateModified":"2026-01-31T11:49:34+00:00","breadcrumb":{"@id":"https:\/\/roadmapper.se\/forskning-och-kunskap\/i-medierna\/#breadcrumb"},"inLanguage":"en-GB","potentialAction":[{"@type":"ReadAction","target":["https:\/\/roadmapper.se\/forskning-och-kunskap\/i-medierna\/"]}]},{"@type":"ImageObject","inLanguage":"en-GB","@id":"https:\/\/roadmapper.se\/forskning-och-kunskap\/i-medierna\/#primaryimage","url":"https:\/\/roadmapper.se\/wp-content\/uploads\/2026\/01\/markus-spiske-2G8mnFvH8xk-unsplash-scaled.jpg","contentUrl":"https:\/\/roadmapper.se\/wp-content\/uploads\/2026\/01\/markus-spiske-2G8mnFvH8xk-unsplash-scaled.jpg","width":1707,"height":2560},{"@type":"BreadcrumbList","@id":"https:\/\/roadmapper.se\/forskning-och-kunskap\/i-medierna\/#breadcrumb","itemListElement":[{"@type":"ListItem","position":1,"name":"Hem","item":"https:\/\/roadmapper.se\/"},{"@type":"ListItem","position":2,"name":"Forskning och kunskap","item":"https:\/\/roadmapper.se\/forskning-och-kunskap\/"},{"@type":"ListItem","position":3,"name":"I medierna"}]},{"@type":"WebSite","@id":"https:\/\/roadmapper.se\/#website","url":"https:\/\/roadmapper.se\/","name":"The Swedish Roadmapper Laboratory","description":"Ett initiativ f\u00f6r omst\u00e4llning \u2013 fr\u00e5n forskning till f\u00f6r\u00e4ndring","publisher":{"@id":"https:\/\/roadmapper.se\/#organization"},"potentialAction":[{"@type":"SearchAction","target":{"@type":"EntryPoint","urlTemplate":"https:\/\/roadmapper.se\/?s={search_term_string}"},"query-input":{"@type":"PropertyValueSpecification","valueRequired":true,"valueName":"search_term_string"}}],"inLanguage":"en-GB"},{"@type":"Organization","@id":"https:\/\/roadmapper.se\/#organization","name":"The Swedish Roadmapper Laboratory","url":"https:\/\/roadmapper.se\/","logo":{"@type":"ImageObject","inLanguage":"en-GB","@id":"https:\/\/roadmapper.se\/#\/schema\/logo\/image\/","url":"https:\/\/roadmapper.se\/wp-content\/uploads\/2026\/01\/rm-lab-petrol-b1100px.png","contentUrl":"https:\/\/roadmapper.se\/wp-content\/uploads\/2026\/01\/rm-lab-petrol-b1100px.png","width":1100,"height":519,"caption":"The Swedish Roadmapper Laboratory"},"image":{"@id":"https:\/\/roadmapper.se\/#\/schema\/logo\/image\/"},"sameAs":["https:\/\/www.linkedin.com\/in\/henrik-ny-938ba9\/"]}]}},"_links":{"self":[{"href":"https:\/\/roadmapper.se\/en\/wp-json\/wp\/v2\/pages\/647","targetHints":{"allow":["GET"]}}],"collection":[{"href":"https:\/\/roadmapper.se\/en\/wp-json\/wp\/v2\/pages"}],"about":[{"href":"https:\/\/roadmapper.se\/en\/wp-json\/wp\/v2\/types\/page"}],"author":[{"embeddable":true,"href":"https:\/\/roadmapper.se\/en\/wp-json\/wp\/v2\/users\/4"}],"replies":[{"embeddable":true,"href":"https:\/\/roadmapper.se\/en\/wp-json\/wp\/v2\/comments?post=647"}],"version-history":[{"count":15,"href":"https:\/\/roadmapper.se\/en\/wp-json\/wp\/v2\/pages\/647\/revisions"}],"predecessor-version":[{"id":986,"href":"https:\/\/roadmapper.se\/en\/wp-json\/wp\/v2\/pages\/647\/revisions\/986"}],"up":[{"embeddable":true,"href":"https:\/\/roadmapper.se\/en\/wp-json\/wp\/v2\/pages\/381"}],"wp:featuredmedia":[{"embeddable":true,"href":"https:\/\/roadmapper.se\/en\/wp-json\/wp\/v2\/media\/1041"}],"wp:attachment":[{"href":"https:\/\/roadmapper.se\/en\/wp-json\/wp\/v2\/media?parent=647"}],"curies":[{"name":"wp","href":"https:\/\/api.w.org\/{rel}","templated":true}]}}