{"id":428,"date":"2026-01-12T17:01:11","date_gmt":"2026-01-12T17:01:11","guid":{"rendered":"https:\/\/roadmapper.se\/?page_id=428"},"modified":"2026-01-31T10:42:16","modified_gmt":"2026-01-31T10:42:16","slug":"klimatbudget-och-modellering-av-losningsvagar","status":"publish","type":"page","link":"https:\/\/roadmapper.se\/en\/klimatbudget-och-modellering-av-losningsvagar\/","title":{"rendered":"Climate Budgeting and Solutions Modeling"},"content":{"rendered":"<p>Timeline: 2 months+<br><\/p>\n\n\n\n<p>Development of:<\/p>\n\n\n\n<ul class=\"wp-block-list\">\n<li>climate budgets<\/li>\n\n\n\n<li>emissions trajectories<\/li>\n\n\n\n<li>optional solutions<br><br><\/li>\n<\/ul>\n\n\n\n<p>Integrated with:<\/p>\n\n\n\n<ul class=\"wp-block-list\">\n<li>strategic sustainability logic<\/li>\n\n\n\n<li>system-informed understanding of optional solutions  and tradeoffs<br><br><\/li>\n<\/ul>\n\n\n\n<h3 class=\"wp-block-heading\">Deliverables<\/h3>\n\n\n\n<ul class=\"wp-block-list\">\n<li>Climate budget and solutions analysis<\/li>\n\n\n\n<li>System-informed understanding of optional solutions and tradeoffs<\/li>\n<\/ul>\n\n\n\n<p><\/p>","protected":false},"excerpt":{"rendered":"<p>Tids\u00e5tg\u00e5ng: 2 m\u00e5nader+ Utveckling av: Integrerat med: Leverabler<\/p>","protected":false},"author":2,"featured_media":222,"parent":0,"menu_order":0,"comment_status":"closed","ping_status":"closed","template":"","meta":{"footnotes":""},"class_list":["post-428","page","type-page","status-publish","has-post-thumbnail","hentry"],"yoast_head":"<!-- This site is optimized with the Yoast SEO plugin v26.7 - https:\/\/yoast.com\/wordpress\/plugins\/seo\/ -->\n<title>Klimatbudgetering och l\u00f6sningsmodellering - Roadmapper<\/title>\n<meta name=\"robots\" content=\"index, follow, max-snippet:-1, max-image-preview:large, max-video-preview:-1\" \/>\n<link rel=\"canonical\" href=\"https:\/\/roadmapper.se\/en\/tjanster__trashed\/klimatbudget-och-modellering-av-losningsvagar\/\" \/>\n<meta property=\"og:locale\" content=\"en_GB\" \/>\n<meta property=\"og:type\" content=\"article\" \/>\n<meta property=\"og:title\" content=\"Klimatbudgetering och l\u00f6sningsmodellering - Roadmapper\" \/>\n<meta property=\"og:description\" content=\"Tids\u00e5tg\u00e5ng: 2 m\u00e5nader+ Utveckling av: Integrerat med: Leverabler\" \/>\n<meta property=\"og:url\" content=\"https:\/\/roadmapper.se\/en\/tjanster__trashed\/klimatbudget-och-modellering-av-losningsvagar\/\" \/>\n<meta property=\"og:site_name\" content=\"Roadmapper\" \/>\n<meta property=\"article:modified_time\" content=\"2026-01-31T10:42:16+00:00\" \/>\n<meta property=\"og:image\" content=\"https:\/\/roadmapper.se\/wp-content\/uploads\/2025\/06\/IMG_9561.jpeg\" \/>\n\t<meta property=\"og:image:width\" content=\"2209\" \/>\n\t<meta property=\"og:image:height\" content=\"1243\" \/>\n\t<meta property=\"og:image:type\" content=\"image\/jpeg\" \/>\n<meta name=\"twitter:card\" content=\"summary_large_image\" \/>\n<meta name=\"twitter:label1\" content=\"Estimated reading time\" \/>\n\t<meta name=\"twitter:data1\" content=\"1 minute\" \/>\n<script type=\"application\/ld+json\" class=\"yoast-schema-graph\">{\"@context\":\"https:\/\/schema.org\",\"@graph\":[{\"@type\":\"WebPage\",\"@id\":\"https:\/\/roadmapper.se\/tjanster__trashed\/klimatbudget-och-modellering-av-losningsvagar\/\",\"url\":\"https:\/\/roadmapper.se\/tjanster__trashed\/klimatbudget-och-modellering-av-losningsvagar\/\",\"name\":\"Klimatbudgetering och l\u00f6sningsmodellering - Roadmapper\",\"isPartOf\":{\"@id\":\"https:\/\/roadmapper.se\/#website\"},\"primaryImageOfPage\":{\"@id\":\"https:\/\/roadmapper.se\/tjanster__trashed\/klimatbudget-och-modellering-av-losningsvagar\/#primaryimage\"},\"image\":{\"@id\":\"https:\/\/roadmapper.se\/tjanster__trashed\/klimatbudget-och-modellering-av-losningsvagar\/#primaryimage\"},\"thumbnailUrl\":\"https:\/\/roadmapper.se\/wp-content\/uploads\/2025\/06\/IMG_9561.jpeg\",\"datePublished\":\"2026-01-12T17:01:11+00:00\",\"dateModified\":\"2026-01-31T10:42:16+00:00\",\"breadcrumb\":{\"@id\":\"https:\/\/roadmapper.se\/tjanster__trashed\/klimatbudget-och-modellering-av-losningsvagar\/#breadcrumb\"},\"inLanguage\":\"en-GB\",\"potentialAction\":[{\"@type\":\"ReadAction\",\"target\":[\"https:\/\/roadmapper.se\/tjanster__trashed\/klimatbudget-och-modellering-av-losningsvagar\/\"]}]},{\"@type\":\"ImageObject\",\"inLanguage\":\"en-GB\",\"@id\":\"https:\/\/roadmapper.se\/tjanster__trashed\/klimatbudget-och-modellering-av-losningsvagar\/#primaryimage\",\"url\":\"https:\/\/roadmapper.se\/wp-content\/uploads\/2025\/06\/IMG_9561.jpeg\",\"contentUrl\":\"https:\/\/roadmapper.se\/wp-content\/uploads\/2025\/06\/IMG_9561.jpeg\",\"width\":2209,\"height\":1243,\"caption\":\"Screenshot\"},{\"@type\":\"BreadcrumbList\",\"@id\":\"https:\/\/roadmapper.se\/tjanster__trashed\/klimatbudget-och-modellering-av-losningsvagar\/#breadcrumb\",\"itemListElement\":[{\"@type\":\"ListItem\",\"position\":1,\"name\":\"Hem\",\"item\":\"https:\/\/roadmapper.se\/\"},{\"@type\":\"ListItem\",\"position\":2,\"name\":\"Klimatbudgetering och l\u00f6sningsmodellering\"}]},{\"@type\":\"WebSite\",\"@id\":\"https:\/\/roadmapper.se\/#website\",\"url\":\"https:\/\/roadmapper.se\/\",\"name\":\"The Swedish Roadmapper Laboratory\",\"description\":\"Ett initiativ f\u00f6r omst\u00e4llning \u2013 fr\u00e5n forskning till f\u00f6r\u00e4ndring\",\"publisher\":{\"@id\":\"https:\/\/roadmapper.se\/#organization\"},\"potentialAction\":[{\"@type\":\"SearchAction\",\"target\":{\"@type\":\"EntryPoint\",\"urlTemplate\":\"https:\/\/roadmapper.se\/?s={search_term_string}\"},\"query-input\":{\"@type\":\"PropertyValueSpecification\",\"valueRequired\":true,\"valueName\":\"search_term_string\"}}],\"inLanguage\":\"en-GB\"},{\"@type\":\"Organization\",\"@id\":\"https:\/\/roadmapper.se\/#organization\",\"name\":\"The Swedish Roadmapper Laboratory\",\"url\":\"https:\/\/roadmapper.se\/\",\"logo\":{\"@type\":\"ImageObject\",\"inLanguage\":\"en-GB\",\"@id\":\"https:\/\/roadmapper.se\/#\/schema\/logo\/image\/\",\"url\":\"https:\/\/roadmapper.se\/wp-content\/uploads\/2026\/01\/rm-lab-petrol-b1100px.png\",\"contentUrl\":\"https:\/\/roadmapper.se\/wp-content\/uploads\/2026\/01\/rm-lab-petrol-b1100px.png\",\"width\":1100,\"height\":519,\"caption\":\"The Swedish Roadmapper Laboratory\"},\"image\":{\"@id\":\"https:\/\/roadmapper.se\/#\/schema\/logo\/image\/\"},\"sameAs\":[\"https:\/\/www.linkedin.com\/in\/henrik-ny-938ba9\/\"]}]}<\/script>\n<!-- \/ Yoast SEO plugin. -->","yoast_head_json":{"title":"Klimatbudgetering och l\u00f6sningsmodellering - Roadmapper","robots":{"index":"index","follow":"follow","max-snippet":"max-snippet:-1","max-image-preview":"max-image-preview:large","max-video-preview":"max-video-preview:-1"},"canonical":"https:\/\/roadmapper.se\/en\/tjanster__trashed\/klimatbudget-och-modellering-av-losningsvagar\/","og_locale":"en_GB","og_type":"article","og_title":"Klimatbudgetering och l\u00f6sningsmodellering - Roadmapper","og_description":"Tids\u00e5tg\u00e5ng: 2 m\u00e5nader+ Utveckling av: Integrerat med: Leverabler","og_url":"https:\/\/roadmapper.se\/en\/tjanster__trashed\/klimatbudget-och-modellering-av-losningsvagar\/","og_site_name":"Roadmapper","article_modified_time":"2026-01-31T10:42:16+00:00","og_image":[{"width":2209,"height":1243,"url":"https:\/\/roadmapper.se\/wp-content\/uploads\/2025\/06\/IMG_9561.jpeg","type":"image\/jpeg"}],"twitter_card":"summary_large_image","twitter_misc":{"Estimated reading time":"1 minute"},"schema":{"@context":"https:\/\/schema.org","@graph":[{"@type":"WebPage","@id":"https:\/\/roadmapper.se\/tjanster__trashed\/klimatbudget-och-modellering-av-losningsvagar\/","url":"https:\/\/roadmapper.se\/tjanster__trashed\/klimatbudget-och-modellering-av-losningsvagar\/","name":"Klimatbudgetering och l\u00f6sningsmodellering - Roadmapper","isPartOf":{"@id":"https:\/\/roadmapper.se\/#website"},"primaryImageOfPage":{"@id":"https:\/\/roadmapper.se\/tjanster__trashed\/klimatbudget-och-modellering-av-losningsvagar\/#primaryimage"},"image":{"@id":"https:\/\/roadmapper.se\/tjanster__trashed\/klimatbudget-och-modellering-av-losningsvagar\/#primaryimage"},"thumbnailUrl":"https:\/\/roadmapper.se\/wp-content\/uploads\/2025\/06\/IMG_9561.jpeg","datePublished":"2026-01-12T17:01:11+00:00","dateModified":"2026-01-31T10:42:16+00:00","breadcrumb":{"@id":"https:\/\/roadmapper.se\/tjanster__trashed\/klimatbudget-och-modellering-av-losningsvagar\/#breadcrumb"},"inLanguage":"en-GB","potentialAction":[{"@type":"ReadAction","target":["https:\/\/roadmapper.se\/tjanster__trashed\/klimatbudget-och-modellering-av-losningsvagar\/"]}]},{"@type":"ImageObject","inLanguage":"en-GB","@id":"https:\/\/roadmapper.se\/tjanster__trashed\/klimatbudget-och-modellering-av-losningsvagar\/#primaryimage","url":"https:\/\/roadmapper.se\/wp-content\/uploads\/2025\/06\/IMG_9561.jpeg","contentUrl":"https:\/\/roadmapper.se\/wp-content\/uploads\/2025\/06\/IMG_9561.jpeg","width":2209,"height":1243,"caption":"Screenshot"},{"@type":"BreadcrumbList","@id":"https:\/\/roadmapper.se\/tjanster__trashed\/klimatbudget-och-modellering-av-losningsvagar\/#breadcrumb","itemListElement":[{"@type":"ListItem","position":1,"name":"Hem","item":"https:\/\/roadmapper.se\/"},{"@type":"ListItem","position":2,"name":"Klimatbudgetering och l\u00f6sningsmodellering"}]},{"@type":"WebSite","@id":"https:\/\/roadmapper.se\/#website","url":"https:\/\/roadmapper.se\/","name":"The Swedish Roadmapper Laboratory","description":"Ett initiativ f\u00f6r omst\u00e4llning \u2013 fr\u00e5n forskning till f\u00f6r\u00e4ndring","publisher":{"@id":"https:\/\/roadmapper.se\/#organization"},"potentialAction":[{"@type":"SearchAction","target":{"@type":"EntryPoint","urlTemplate":"https:\/\/roadmapper.se\/?s={search_term_string}"},"query-input":{"@type":"PropertyValueSpecification","valueRequired":true,"valueName":"search_term_string"}}],"inLanguage":"en-GB"},{"@type":"Organization","@id":"https:\/\/roadmapper.se\/#organization","name":"The Swedish Roadmapper Laboratory","url":"https:\/\/roadmapper.se\/","logo":{"@type":"ImageObject","inLanguage":"en-GB","@id":"https:\/\/roadmapper.se\/#\/schema\/logo\/image\/","url":"https:\/\/roadmapper.se\/wp-content\/uploads\/2026\/01\/rm-lab-petrol-b1100px.png","contentUrl":"https:\/\/roadmapper.se\/wp-content\/uploads\/2026\/01\/rm-lab-petrol-b1100px.png","width":1100,"height":519,"caption":"The Swedish Roadmapper Laboratory"},"image":{"@id":"https:\/\/roadmapper.se\/#\/schema\/logo\/image\/"},"sameAs":["https:\/\/www.linkedin.com\/in\/henrik-ny-938ba9\/"]}]}},"_links":{"self":[{"href":"https:\/\/roadmapper.se\/en\/wp-json\/wp\/v2\/pages\/428","targetHints":{"allow":["GET"]}}],"collection":[{"href":"https:\/\/roadmapper.se\/en\/wp-json\/wp\/v2\/pages"}],"about":[{"href":"https:\/\/roadmapper.se\/en\/wp-json\/wp\/v2\/types\/page"}],"author":[{"embeddable":true,"href":"https:\/\/roadmapper.se\/en\/wp-json\/wp\/v2\/users\/2"}],"replies":[{"embeddable":true,"href":"https:\/\/roadmapper.se\/en\/wp-json\/wp\/v2\/comments?post=428"}],"version-history":[{"count":8,"href":"https:\/\/roadmapper.se\/en\/wp-json\/wp\/v2\/pages\/428\/revisions"}],"predecessor-version":[{"id":972,"href":"https:\/\/roadmapper.se\/en\/wp-json\/wp\/v2\/pages\/428\/revisions\/972"}],"wp:featuredmedia":[{"embeddable":true,"href":"https:\/\/roadmapper.se\/en\/wp-json\/wp\/v2\/media\/222"}],"wp:attachment":[{"href":"https:\/\/roadmapper.se\/en\/wp-json\/wp\/v2\/media?parent=428"}],"curies":[{"name":"wp","href":"https:\/\/api.w.org\/{rel}","templated":true}]}}