{"id":425,"date":"2026-01-12T16:59:26","date_gmt":"2026-01-12T16:59:26","guid":{"rendered":"https:\/\/roadmapper.se\/?page_id=425"},"modified":"2026-01-31T10:40:04","modified_gmt":"2026-01-31T10:40:04","slug":"niva-3-simulatorer-och-spel","status":"publish","type":"page","link":"https:\/\/roadmapper.se\/en\/oversikt-tjanster\/vardedriven-hallbarhetsomstallning-2\/niva-3-simulatorer-och-spel\/","title":{"rendered":"Level 3 - Simulators and Serious Games"},"content":{"rendered":"<h3 class=\"wp-block-heading\">Decision instrument based on earlier roadmapping work<\/h3>\n\n\n\n<p>Timeline: 3+ months<\/p>\n\n\n\n<p><\/p>\n\n\n\n<h3 class=\"wp-block-heading\">What we do<\/h3>\n\n\n\n<ul class=\"wp-block-list\">\n<li>Develop a tailor-made Roadmapper Tool simulator<\/li>\n\n\n\n<li>Structure the simulator around specific organizational systems and development pathways<\/li>\n\n\n\n<li>Optional development of a serious game layer, on top of the simulator, for top management or stakeholders<br><br><\/li>\n<\/ul>\n\n\n\n<h3 class=\"wp-block-heading\">Deliverables<\/h3>\n\n\n\n<ul class=\"wp-block-list\">\n<li>Organization-specific simulation model<\/li>\n\n\n\n<li>Interactive decision support<\/li>\n\n\n\n<li>Optional serious game<\/li>\n<\/ul>\n\n\n\n<p><\/p>\n\n\n\n<p class=\"translation-block\">Feel free to look at <a href=\"https:\/\/roadmapper.se\/en\/roadmapper-tool\/\" target=\"_self\"><em><strong>Roadmapper Tool<\/strong><\/em> <\/a> to get an idea of \u200b\u200bwhat our decision instruments might look like.<\/p>\n\n\n\n<p><\/p>","protected":false},"excerpt":{"rendered":"<p>Beslutsinstrument baserat p\u00e5 tidigare f\u00e4rdplansarbete Tids\u00e5tg\u00e5ng: 3+ m\u00e5nader Vad vi g\u00f6r Leverabler Titta g\u00e4rna p\u00e5 Roadmapper Tool f\u00f6r att f\u00e5 en uppfattning om hur v\u00e5ra beslutsintrument kan se ut.<\/p>","protected":false},"author":2,"featured_media":891,"parent":417,"menu_order":0,"comment_status":"closed","ping_status":"closed","template":"","meta":{"footnotes":""},"class_list":["post-425","page","type-page","status-publish","has-post-thumbnail","hentry"],"yoast_head":"<!-- This site is optimized with the Yoast SEO plugin v26.7 - https:\/\/yoast.com\/wordpress\/plugins\/seo\/ -->\n<title>Niv\u00e5 3 \u2013 Simulatorer och spel - Roadmapper<\/title>\n<meta name=\"robots\" content=\"index, follow, max-snippet:-1, max-image-preview:large, max-video-preview:-1\" \/>\n<link rel=\"canonical\" href=\"https:\/\/roadmapper.se\/en\/oversikt-tjanster\/vardedriven-hallbarhetsomstallning-2\/niva-3-simulatorer-och-spel\/\" \/>\n<meta property=\"og:locale\" content=\"en_GB\" \/>\n<meta property=\"og:type\" content=\"article\" \/>\n<meta property=\"og:title\" content=\"Niv\u00e5 3 \u2013 Simulatorer och spel - Roadmapper\" \/>\n<meta property=\"og:description\" content=\"Beslutsinstrument baserat p\u00e5 tidigare f\u00e4rdplansarbete Tids\u00e5tg\u00e5ng: 3+ m\u00e5nader Vad vi g\u00f6r Leverabler Titta g\u00e4rna p\u00e5 Roadmapper Tool f\u00f6r att f\u00e5 en uppfattning om hur v\u00e5ra beslutsintrument kan se ut.\" \/>\n<meta property=\"og:url\" content=\"https:\/\/roadmapper.se\/en\/oversikt-tjanster\/vardedriven-hallbarhetsomstallning-2\/niva-3-simulatorer-och-spel\/\" \/>\n<meta property=\"og:site_name\" content=\"Roadmapper\" \/>\n<meta property=\"article:modified_time\" content=\"2026-01-31T10:40:04+00:00\" \/>\n<meta property=\"og:image\" content=\"https:\/\/roadmapper.se\/wp-content\/uploads\/2026\/01\/Skarmavbild-2025-12-17-kl.-22.04.20-1024x804.png\" \/>\n\t<meta property=\"og:image:width\" content=\"1024\" \/>\n\t<meta property=\"og:image:height\" content=\"804\" \/>\n\t<meta property=\"og:image:type\" content=\"image\/png\" \/>\n<meta name=\"twitter:card\" content=\"summary_large_image\" \/>\n<meta name=\"twitter:label1\" content=\"Estimated reading time\" \/>\n\t<meta name=\"twitter:data1\" content=\"1 minute\" \/>\n<script type=\"application\/ld+json\" class=\"yoast-schema-graph\">{\"@context\":\"https:\/\/schema.org\",\"@graph\":[{\"@type\":\"WebPage\",\"@id\":\"https:\/\/roadmapper.se\/oversikt-tjanster\/vardedriven-hallbarhetsomstallning-2\/niva-3-simulatorer-och-spel\/\",\"url\":\"https:\/\/roadmapper.se\/oversikt-tjanster\/vardedriven-hallbarhetsomstallning-2\/niva-3-simulatorer-och-spel\/\",\"name\":\"Niv\u00e5 3 \u2013 Simulatorer och spel - Roadmapper\",\"isPartOf\":{\"@id\":\"https:\/\/roadmapper.se\/#website\"},\"primaryImageOfPage\":{\"@id\":\"https:\/\/roadmapper.se\/oversikt-tjanster\/vardedriven-hallbarhetsomstallning-2\/niva-3-simulatorer-och-spel\/#primaryimage\"},\"image\":{\"@id\":\"https:\/\/roadmapper.se\/oversikt-tjanster\/vardedriven-hallbarhetsomstallning-2\/niva-3-simulatorer-och-spel\/#primaryimage\"},\"thumbnailUrl\":\"https:\/\/roadmapper.se\/wp-content\/uploads\/2026\/01\/Skarmavbild-2025-12-17-kl.-22.04.20.png\",\"datePublished\":\"2026-01-12T16:59:26+00:00\",\"dateModified\":\"2026-01-31T10:40:04+00:00\",\"breadcrumb\":{\"@id\":\"https:\/\/roadmapper.se\/oversikt-tjanster\/vardedriven-hallbarhetsomstallning-2\/niva-3-simulatorer-och-spel\/#breadcrumb\"},\"inLanguage\":\"en-GB\",\"potentialAction\":[{\"@type\":\"ReadAction\",\"target\":[\"https:\/\/roadmapper.se\/oversikt-tjanster\/vardedriven-hallbarhetsomstallning-2\/niva-3-simulatorer-och-spel\/\"]}]},{\"@type\":\"ImageObject\",\"inLanguage\":\"en-GB\",\"@id\":\"https:\/\/roadmapper.se\/oversikt-tjanster\/vardedriven-hallbarhetsomstallning-2\/niva-3-simulatorer-och-spel\/#primaryimage\",\"url\":\"https:\/\/roadmapper.se\/wp-content\/uploads\/2026\/01\/Skarmavbild-2025-12-17-kl.-22.04.20.png\",\"contentUrl\":\"https:\/\/roadmapper.se\/wp-content\/uploads\/2026\/01\/Skarmavbild-2025-12-17-kl.-22.04.20.png\",\"width\":1518,\"height\":1192},{\"@type\":\"BreadcrumbList\",\"@id\":\"https:\/\/roadmapper.se\/oversikt-tjanster\/vardedriven-hallbarhetsomstallning-2\/niva-3-simulatorer-och-spel\/#breadcrumb\",\"itemListElement\":[{\"@type\":\"ListItem\",\"position\":1,\"name\":\"Hem\",\"item\":\"https:\/\/roadmapper.se\/\"},{\"@type\":\"ListItem\",\"position\":2,\"name\":\"Tj\u00e4nster\",\"item\":\"https:\/\/roadmapper.se\/oversikt-tjanster\/\"},{\"@type\":\"ListItem\",\"position\":3,\"name\":\"V\u00e4rdedriven h\u00e5llbarhetsomst\u00e4llning\",\"item\":\"https:\/\/roadmapper.se\/oversikt-tjanster\/vardedriven-hallbarhetsomstallning-2\/\"},{\"@type\":\"ListItem\",\"position\":4,\"name\":\"Niv\u00e5 3 \u2013 Simulatorer och spel\"}]},{\"@type\":\"WebSite\",\"@id\":\"https:\/\/roadmapper.se\/#website\",\"url\":\"https:\/\/roadmapper.se\/\",\"name\":\"The Swedish Roadmapper Laboratory\",\"description\":\"Ett initiativ f\u00f6r omst\u00e4llning \u2013 fr\u00e5n forskning till f\u00f6r\u00e4ndring\",\"publisher\":{\"@id\":\"https:\/\/roadmapper.se\/#organization\"},\"potentialAction\":[{\"@type\":\"SearchAction\",\"target\":{\"@type\":\"EntryPoint\",\"urlTemplate\":\"https:\/\/roadmapper.se\/?s={search_term_string}\"},\"query-input\":{\"@type\":\"PropertyValueSpecification\",\"valueRequired\":true,\"valueName\":\"search_term_string\"}}],\"inLanguage\":\"en-GB\"},{\"@type\":\"Organization\",\"@id\":\"https:\/\/roadmapper.se\/#organization\",\"name\":\"The Swedish Roadmapper Laboratory\",\"url\":\"https:\/\/roadmapper.se\/\",\"logo\":{\"@type\":\"ImageObject\",\"inLanguage\":\"en-GB\",\"@id\":\"https:\/\/roadmapper.se\/#\/schema\/logo\/image\/\",\"url\":\"https:\/\/roadmapper.se\/wp-content\/uploads\/2026\/01\/rm-lab-petrol-b1100px.png\",\"contentUrl\":\"https:\/\/roadmapper.se\/wp-content\/uploads\/2026\/01\/rm-lab-petrol-b1100px.png\",\"width\":1100,\"height\":519,\"caption\":\"The Swedish Roadmapper Laboratory\"},\"image\":{\"@id\":\"https:\/\/roadmapper.se\/#\/schema\/logo\/image\/\"},\"sameAs\":[\"https:\/\/www.linkedin.com\/in\/henrik-ny-938ba9\/\"]}]}<\/script>\n<!-- \/ Yoast SEO plugin. -->","yoast_head_json":{"title":"Niv\u00e5 3 \u2013 Simulatorer och spel - Roadmapper","robots":{"index":"index","follow":"follow","max-snippet":"max-snippet:-1","max-image-preview":"max-image-preview:large","max-video-preview":"max-video-preview:-1"},"canonical":"https:\/\/roadmapper.se\/en\/oversikt-tjanster\/vardedriven-hallbarhetsomstallning-2\/niva-3-simulatorer-och-spel\/","og_locale":"en_GB","og_type":"article","og_title":"Niv\u00e5 3 \u2013 Simulatorer och spel - Roadmapper","og_description":"Beslutsinstrument baserat p\u00e5 tidigare f\u00e4rdplansarbete Tids\u00e5tg\u00e5ng: 3+ m\u00e5nader Vad vi g\u00f6r Leverabler Titta g\u00e4rna p\u00e5 Roadmapper Tool f\u00f6r att f\u00e5 en uppfattning om hur v\u00e5ra beslutsintrument kan se ut.","og_url":"https:\/\/roadmapper.se\/en\/oversikt-tjanster\/vardedriven-hallbarhetsomstallning-2\/niva-3-simulatorer-och-spel\/","og_site_name":"Roadmapper","article_modified_time":"2026-01-31T10:40:04+00:00","og_image":[{"width":1024,"height":804,"url":"https:\/\/roadmapper.se\/wp-content\/uploads\/2026\/01\/Skarmavbild-2025-12-17-kl.-22.04.20-1024x804.png","type":"image\/png"}],"twitter_card":"summary_large_image","twitter_misc":{"Estimated reading time":"1 minute"},"schema":{"@context":"https:\/\/schema.org","@graph":[{"@type":"WebPage","@id":"https:\/\/roadmapper.se\/oversikt-tjanster\/vardedriven-hallbarhetsomstallning-2\/niva-3-simulatorer-och-spel\/","url":"https:\/\/roadmapper.se\/oversikt-tjanster\/vardedriven-hallbarhetsomstallning-2\/niva-3-simulatorer-och-spel\/","name":"Niv\u00e5 3 \u2013 Simulatorer och spel - Roadmapper","isPartOf":{"@id":"https:\/\/roadmapper.se\/#website"},"primaryImageOfPage":{"@id":"https:\/\/roadmapper.se\/oversikt-tjanster\/vardedriven-hallbarhetsomstallning-2\/niva-3-simulatorer-och-spel\/#primaryimage"},"image":{"@id":"https:\/\/roadmapper.se\/oversikt-tjanster\/vardedriven-hallbarhetsomstallning-2\/niva-3-simulatorer-och-spel\/#primaryimage"},"thumbnailUrl":"https:\/\/roadmapper.se\/wp-content\/uploads\/2026\/01\/Skarmavbild-2025-12-17-kl.-22.04.20.png","datePublished":"2026-01-12T16:59:26+00:00","dateModified":"2026-01-31T10:40:04+00:00","breadcrumb":{"@id":"https:\/\/roadmapper.se\/oversikt-tjanster\/vardedriven-hallbarhetsomstallning-2\/niva-3-simulatorer-och-spel\/#breadcrumb"},"inLanguage":"en-GB","potentialAction":[{"@type":"ReadAction","target":["https:\/\/roadmapper.se\/oversikt-tjanster\/vardedriven-hallbarhetsomstallning-2\/niva-3-simulatorer-och-spel\/"]}]},{"@type":"ImageObject","inLanguage":"en-GB","@id":"https:\/\/roadmapper.se\/oversikt-tjanster\/vardedriven-hallbarhetsomstallning-2\/niva-3-simulatorer-och-spel\/#primaryimage","url":"https:\/\/roadmapper.se\/wp-content\/uploads\/2026\/01\/Skarmavbild-2025-12-17-kl.-22.04.20.png","contentUrl":"https:\/\/roadmapper.se\/wp-content\/uploads\/2026\/01\/Skarmavbild-2025-12-17-kl.-22.04.20.png","width":1518,"height":1192},{"@type":"BreadcrumbList","@id":"https:\/\/roadmapper.se\/oversikt-tjanster\/vardedriven-hallbarhetsomstallning-2\/niva-3-simulatorer-och-spel\/#breadcrumb","itemListElement":[{"@type":"ListItem","position":1,"name":"Hem","item":"https:\/\/roadmapper.se\/"},{"@type":"ListItem","position":2,"name":"Tj\u00e4nster","item":"https:\/\/roadmapper.se\/oversikt-tjanster\/"},{"@type":"ListItem","position":3,"name":"V\u00e4rdedriven h\u00e5llbarhetsomst\u00e4llning","item":"https:\/\/roadmapper.se\/oversikt-tjanster\/vardedriven-hallbarhetsomstallning-2\/"},{"@type":"ListItem","position":4,"name":"Niv\u00e5 3 \u2013 Simulatorer och spel"}]},{"@type":"WebSite","@id":"https:\/\/roadmapper.se\/#website","url":"https:\/\/roadmapper.se\/","name":"The Swedish Roadmapper Laboratory","description":"Ett initiativ f\u00f6r omst\u00e4llning \u2013 fr\u00e5n forskning till f\u00f6r\u00e4ndring","publisher":{"@id":"https:\/\/roadmapper.se\/#organization"},"potentialAction":[{"@type":"SearchAction","target":{"@type":"EntryPoint","urlTemplate":"https:\/\/roadmapper.se\/?s={search_term_string}"},"query-input":{"@type":"PropertyValueSpecification","valueRequired":true,"valueName":"search_term_string"}}],"inLanguage":"en-GB"},{"@type":"Organization","@id":"https:\/\/roadmapper.se\/#organization","name":"The Swedish Roadmapper Laboratory","url":"https:\/\/roadmapper.se\/","logo":{"@type":"ImageObject","inLanguage":"en-GB","@id":"https:\/\/roadmapper.se\/#\/schema\/logo\/image\/","url":"https:\/\/roadmapper.se\/wp-content\/uploads\/2026\/01\/rm-lab-petrol-b1100px.png","contentUrl":"https:\/\/roadmapper.se\/wp-content\/uploads\/2026\/01\/rm-lab-petrol-b1100px.png","width":1100,"height":519,"caption":"The Swedish Roadmapper Laboratory"},"image":{"@id":"https:\/\/roadmapper.se\/#\/schema\/logo\/image\/"},"sameAs":["https:\/\/www.linkedin.com\/in\/henrik-ny-938ba9\/"]}]}},"_links":{"self":[{"href":"https:\/\/roadmapper.se\/en\/wp-json\/wp\/v2\/pages\/425","targetHints":{"allow":["GET"]}}],"collection":[{"href":"https:\/\/roadmapper.se\/en\/wp-json\/wp\/v2\/pages"}],"about":[{"href":"https:\/\/roadmapper.se\/en\/wp-json\/wp\/v2\/types\/page"}],"author":[{"embeddable":true,"href":"https:\/\/roadmapper.se\/en\/wp-json\/wp\/v2\/users\/2"}],"replies":[{"embeddable":true,"href":"https:\/\/roadmapper.se\/en\/wp-json\/wp\/v2\/comments?post=425"}],"version-history":[{"count":9,"href":"https:\/\/roadmapper.se\/en\/wp-json\/wp\/v2\/pages\/425\/revisions"}],"predecessor-version":[{"id":1026,"href":"https:\/\/roadmapper.se\/en\/wp-json\/wp\/v2\/pages\/425\/revisions\/1026"}],"up":[{"embeddable":true,"href":"https:\/\/roadmapper.se\/en\/wp-json\/wp\/v2\/pages\/417"}],"wp:featuredmedia":[{"embeddable":true,"href":"https:\/\/roadmapper.se\/en\/wp-json\/wp\/v2\/media\/891"}],"wp:attachment":[{"href":"https:\/\/roadmapper.se\/en\/wp-json\/wp\/v2\/media?parent=425"}],"curies":[{"name":"wp","href":"https:\/\/api.w.org\/{rel}","templated":true}]}}