{"id":421,"date":"2026-01-12T16:58:23","date_gmt":"2026-01-12T16:58:23","guid":{"rendered":"https:\/\/roadmapper.se\/?page_id=421"},"modified":"2026-01-20T09:35:50","modified_gmt":"2026-01-20T09:35:50","slug":"level-1-organisatorisk-rivstart","status":"publish","type":"page","link":"https:\/\/roadmapper.se\/en\/oversikt-tjanster\/vardedriven-hallbarhetsomstallning-2\/level-1-organisatorisk-rivstart\/","title":{"rendered":"Level 1 - Organizational Kick-Start"},"content":{"rendered":"<h3 class=\"wp-block-heading\">Strategic Framing<\/h3>\n\n\n\n<p>Timeline: 1 month<\/p>\n\n\n\n<p><\/p>\n\n\n\n<h3 class=\"wp-block-heading\">What we do<\/h3>\n\n\n\n<ul class=\"wp-block-list\">\n<li><strong>Step 1 - Map the organization<\/strong><br>Structured system analysis of goals, value-creating processes and perceived challenges.<\/li>\n\n\n\n<li><strong>Step 2 - Explain the societal sustainability transition<\/strong><br>Detailed ABCD analysis of the societal context around the organization.<\/li>\n\n\n\n<li><strong>Step 3 - Connect the organization to the transition<\/strong><br>Structured system analysis of how the organization relates to the societal transition.<\/li>\n\n\n\n<li class=\"translation-block\"><strong>Step 4 \u2013 Identify strategic opportunity areas<\/strong><br>Reformulation of sustainability challenges to potential value-drivers and identifying a few areas with high potential to take the organization affordably towards its business goals and sustainability.<br><br><\/li>\n<\/ul>\n\n\n\n<h3 class=\"wp-block-heading\">Deliverables<\/h3>\n\n\n\n<ul class=\"wp-block-list\">\n<li>System overview of the organization in its societal transition context<\/li>\n\n\n\n<li>Reframing of challenges into strategic opportunities<\/li>\n\n\n\n<li>Identification of prioritized areas for further work<\/li>\n<\/ul>\n\n\n\n<p><\/p>","protected":false},"excerpt":{"rendered":"<p>Strategisk inramning Tids\u00e5tg\u00e5ng: ~1 m\u00e5nad Vad vi g\u00f6r Leverabler<\/p>","protected":false},"author":2,"featured_media":0,"parent":417,"menu_order":0,"comment_status":"closed","ping_status":"closed","template":"","meta":{"footnotes":""},"class_list":["post-421","page","type-page","status-publish","hentry"],"yoast_head":"<!-- This site is optimized with the Yoast SEO plugin v26.7 - https:\/\/yoast.com\/wordpress\/plugins\/seo\/ -->\n<title>Niv\u00e5 1 \u2013 Organisatorisk rivstart - Roadmapper<\/title>\n<meta name=\"robots\" content=\"index, follow, max-snippet:-1, max-image-preview:large, max-video-preview:-1\" \/>\n<link rel=\"canonical\" href=\"https:\/\/roadmapper.se\/en\/oversikt-tjanster\/vardedriven-hallbarhetsomstallning-2\/level-1-organisatorisk-rivstart\/\" \/>\n<meta property=\"og:locale\" content=\"en_GB\" \/>\n<meta property=\"og:type\" content=\"article\" \/>\n<meta property=\"og:title\" content=\"Niv\u00e5 1 \u2013 Organisatorisk rivstart - Roadmapper\" \/>\n<meta property=\"og:description\" content=\"Strategisk inramning Tids\u00e5tg\u00e5ng: ~1 m\u00e5nad Vad vi g\u00f6r Leverabler\" \/>\n<meta property=\"og:url\" content=\"https:\/\/roadmapper.se\/en\/oversikt-tjanster\/vardedriven-hallbarhetsomstallning-2\/level-1-organisatorisk-rivstart\/\" \/>\n<meta property=\"og:site_name\" content=\"Roadmapper\" \/>\n<meta property=\"article:modified_time\" content=\"2026-01-20T09:35:50+00:00\" \/>\n<meta name=\"twitter:card\" content=\"summary_large_image\" \/>\n<meta name=\"twitter:label1\" content=\"Estimated reading time\" \/>\n\t<meta name=\"twitter:data1\" content=\"1 minute\" \/>\n<script type=\"application\/ld+json\" class=\"yoast-schema-graph\">{\"@context\":\"https:\/\/schema.org\",\"@graph\":[{\"@type\":\"WebPage\",\"@id\":\"https:\/\/roadmapper.se\/oversikt-tjanster\/vardedriven-hallbarhetsomstallning-2\/level-1-organisatorisk-rivstart\/\",\"url\":\"https:\/\/roadmapper.se\/oversikt-tjanster\/vardedriven-hallbarhetsomstallning-2\/level-1-organisatorisk-rivstart\/\",\"name\":\"Niv\u00e5 1 \u2013 Organisatorisk rivstart - Roadmapper\",\"isPartOf\":{\"@id\":\"https:\/\/roadmapper.se\/#website\"},\"datePublished\":\"2026-01-12T16:58:23+00:00\",\"dateModified\":\"2026-01-20T09:35:50+00:00\",\"breadcrumb\":{\"@id\":\"https:\/\/roadmapper.se\/oversikt-tjanster\/vardedriven-hallbarhetsomstallning-2\/level-1-organisatorisk-rivstart\/#breadcrumb\"},\"inLanguage\":\"en-GB\",\"potentialAction\":[{\"@type\":\"ReadAction\",\"target\":[\"https:\/\/roadmapper.se\/oversikt-tjanster\/vardedriven-hallbarhetsomstallning-2\/level-1-organisatorisk-rivstart\/\"]}]},{\"@type\":\"BreadcrumbList\",\"@id\":\"https:\/\/roadmapper.se\/oversikt-tjanster\/vardedriven-hallbarhetsomstallning-2\/level-1-organisatorisk-rivstart\/#breadcrumb\",\"itemListElement\":[{\"@type\":\"ListItem\",\"position\":1,\"name\":\"Hem\",\"item\":\"https:\/\/roadmapper.se\/\"},{\"@type\":\"ListItem\",\"position\":2,\"name\":\"Tj\u00e4nster\",\"item\":\"https:\/\/roadmapper.se\/oversikt-tjanster\/\"},{\"@type\":\"ListItem\",\"position\":3,\"name\":\"V\u00e4rdedriven h\u00e5llbarhetsomst\u00e4llning\",\"item\":\"https:\/\/roadmapper.se\/oversikt-tjanster\/vardedriven-hallbarhetsomstallning-2\/\"},{\"@type\":\"ListItem\",\"position\":4,\"name\":\"Niv\u00e5 1 \u2013 Organisatorisk rivstart\"}]},{\"@type\":\"WebSite\",\"@id\":\"https:\/\/roadmapper.se\/#website\",\"url\":\"https:\/\/roadmapper.se\/\",\"name\":\"The Swedish Roadmapper Laboratory\",\"description\":\"Ett initiativ f\u00f6r omst\u00e4llning \u2013 fr\u00e5n forskning till f\u00f6r\u00e4ndring\",\"publisher\":{\"@id\":\"https:\/\/roadmapper.se\/#organization\"},\"potentialAction\":[{\"@type\":\"SearchAction\",\"target\":{\"@type\":\"EntryPoint\",\"urlTemplate\":\"https:\/\/roadmapper.se\/?s={search_term_string}\"},\"query-input\":{\"@type\":\"PropertyValueSpecification\",\"valueRequired\":true,\"valueName\":\"search_term_string\"}}],\"inLanguage\":\"en-GB\"},{\"@type\":\"Organization\",\"@id\":\"https:\/\/roadmapper.se\/#organization\",\"name\":\"The Swedish Roadmapper Laboratory\",\"url\":\"https:\/\/roadmapper.se\/\",\"logo\":{\"@type\":\"ImageObject\",\"inLanguage\":\"en-GB\",\"@id\":\"https:\/\/roadmapper.se\/#\/schema\/logo\/image\/\",\"url\":\"https:\/\/roadmapper.se\/wp-content\/uploads\/2026\/01\/rm-lab-petrol-b1100px.png\",\"contentUrl\":\"https:\/\/roadmapper.se\/wp-content\/uploads\/2026\/01\/rm-lab-petrol-b1100px.png\",\"width\":1100,\"height\":519,\"caption\":\"The Swedish Roadmapper Laboratory\"},\"image\":{\"@id\":\"https:\/\/roadmapper.se\/#\/schema\/logo\/image\/\"},\"sameAs\":[\"https:\/\/www.linkedin.com\/in\/henrik-ny-938ba9\/\"]}]}<\/script>\n<!-- \/ Yoast SEO plugin. -->","yoast_head_json":{"title":"Niv\u00e5 1 \u2013 Organisatorisk rivstart - Roadmapper","robots":{"index":"index","follow":"follow","max-snippet":"max-snippet:-1","max-image-preview":"max-image-preview:large","max-video-preview":"max-video-preview:-1"},"canonical":"https:\/\/roadmapper.se\/en\/oversikt-tjanster\/vardedriven-hallbarhetsomstallning-2\/level-1-organisatorisk-rivstart\/","og_locale":"en_GB","og_type":"article","og_title":"Niv\u00e5 1 \u2013 Organisatorisk rivstart - Roadmapper","og_description":"Strategisk inramning Tids\u00e5tg\u00e5ng: ~1 m\u00e5nad Vad vi g\u00f6r Leverabler","og_url":"https:\/\/roadmapper.se\/en\/oversikt-tjanster\/vardedriven-hallbarhetsomstallning-2\/level-1-organisatorisk-rivstart\/","og_site_name":"Roadmapper","article_modified_time":"2026-01-20T09:35:50+00:00","twitter_card":"summary_large_image","twitter_misc":{"Estimated reading time":"1 minute"},"schema":{"@context":"https:\/\/schema.org","@graph":[{"@type":"WebPage","@id":"https:\/\/roadmapper.se\/oversikt-tjanster\/vardedriven-hallbarhetsomstallning-2\/level-1-organisatorisk-rivstart\/","url":"https:\/\/roadmapper.se\/oversikt-tjanster\/vardedriven-hallbarhetsomstallning-2\/level-1-organisatorisk-rivstart\/","name":"Niv\u00e5 1 \u2013 Organisatorisk rivstart - Roadmapper","isPartOf":{"@id":"https:\/\/roadmapper.se\/#website"},"datePublished":"2026-01-12T16:58:23+00:00","dateModified":"2026-01-20T09:35:50+00:00","breadcrumb":{"@id":"https:\/\/roadmapper.se\/oversikt-tjanster\/vardedriven-hallbarhetsomstallning-2\/level-1-organisatorisk-rivstart\/#breadcrumb"},"inLanguage":"en-GB","potentialAction":[{"@type":"ReadAction","target":["https:\/\/roadmapper.se\/oversikt-tjanster\/vardedriven-hallbarhetsomstallning-2\/level-1-organisatorisk-rivstart\/"]}]},{"@type":"BreadcrumbList","@id":"https:\/\/roadmapper.se\/oversikt-tjanster\/vardedriven-hallbarhetsomstallning-2\/level-1-organisatorisk-rivstart\/#breadcrumb","itemListElement":[{"@type":"ListItem","position":1,"name":"Hem","item":"https:\/\/roadmapper.se\/"},{"@type":"ListItem","position":2,"name":"Tj\u00e4nster","item":"https:\/\/roadmapper.se\/oversikt-tjanster\/"},{"@type":"ListItem","position":3,"name":"V\u00e4rdedriven h\u00e5llbarhetsomst\u00e4llning","item":"https:\/\/roadmapper.se\/oversikt-tjanster\/vardedriven-hallbarhetsomstallning-2\/"},{"@type":"ListItem","position":4,"name":"Niv\u00e5 1 \u2013 Organisatorisk rivstart"}]},{"@type":"WebSite","@id":"https:\/\/roadmapper.se\/#website","url":"https:\/\/roadmapper.se\/","name":"The Swedish Roadmapper Laboratory","description":"Ett initiativ f\u00f6r omst\u00e4llning \u2013 fr\u00e5n forskning till f\u00f6r\u00e4ndring","publisher":{"@id":"https:\/\/roadmapper.se\/#organization"},"potentialAction":[{"@type":"SearchAction","target":{"@type":"EntryPoint","urlTemplate":"https:\/\/roadmapper.se\/?s={search_term_string}"},"query-input":{"@type":"PropertyValueSpecification","valueRequired":true,"valueName":"search_term_string"}}],"inLanguage":"en-GB"},{"@type":"Organization","@id":"https:\/\/roadmapper.se\/#organization","name":"The Swedish Roadmapper Laboratory","url":"https:\/\/roadmapper.se\/","logo":{"@type":"ImageObject","inLanguage":"en-GB","@id":"https:\/\/roadmapper.se\/#\/schema\/logo\/image\/","url":"https:\/\/roadmapper.se\/wp-content\/uploads\/2026\/01\/rm-lab-petrol-b1100px.png","contentUrl":"https:\/\/roadmapper.se\/wp-content\/uploads\/2026\/01\/rm-lab-petrol-b1100px.png","width":1100,"height":519,"caption":"The Swedish Roadmapper Laboratory"},"image":{"@id":"https:\/\/roadmapper.se\/#\/schema\/logo\/image\/"},"sameAs":["https:\/\/www.linkedin.com\/in\/henrik-ny-938ba9\/"]}]}},"_links":{"self":[{"href":"https:\/\/roadmapper.se\/en\/wp-json\/wp\/v2\/pages\/421","targetHints":{"allow":["GET"]}}],"collection":[{"href":"https:\/\/roadmapper.se\/en\/wp-json\/wp\/v2\/pages"}],"about":[{"href":"https:\/\/roadmapper.se\/en\/wp-json\/wp\/v2\/types\/page"}],"author":[{"embeddable":true,"href":"https:\/\/roadmapper.se\/en\/wp-json\/wp\/v2\/users\/2"}],"replies":[{"embeddable":true,"href":"https:\/\/roadmapper.se\/en\/wp-json\/wp\/v2\/comments?post=421"}],"version-history":[{"count":8,"href":"https:\/\/roadmapper.se\/en\/wp-json\/wp\/v2\/pages\/421\/revisions"}],"predecessor-version":[{"id":926,"href":"https:\/\/roadmapper.se\/en\/wp-json\/wp\/v2\/pages\/421\/revisions\/926"}],"up":[{"embeddable":true,"href":"https:\/\/roadmapper.se\/en\/wp-json\/wp\/v2\/pages\/417"}],"wp:attachment":[{"href":"https:\/\/roadmapper.se\/en\/wp-json\/wp\/v2\/media?parent=421"}],"curies":[{"name":"wp","href":"https:\/\/api.w.org\/{rel}","templated":true}]}}