{"id":417,"date":"2026-01-12T16:57:25","date_gmt":"2026-01-12T16:57:25","guid":{"rendered":"https:\/\/roadmapper.se\/?page_id=417"},"modified":"2026-02-03T19:58:07","modified_gmt":"2026-02-03T19:58:07","slug":"vardedriven-hallbarhetsomstallning-2","status":"publish","type":"page","link":"https:\/\/roadmapper.se\/en\/oversikt-tjanster\/vardedriven-hallbarhetsomstallning-2\/","title":{"rendered":"Value-driven sustainability transition"},"content":{"rendered":"<p>This is our main service family that is anchored in strategic sustainability and system analysis. There are four levels, from orientation to instrumentation. All of them build on the same four-step reasoning structure:<\/p>\n\n\n\n<ol class=\"wp-block-list\">\n<li>Kartl\u00e4ggning av organisationen \u2013 m\u00e5l, v\u00e4rdeskapande och k\u00e4rnutmaningar<\/li>\n\n\n\n<li class=\"translation-block\"><strong>Understanding the societal sustainability transition<\/strong> \u2013 with the ABCD procedure of the  FSSD<\/li>\n\n\n\n<li class=\"translation-block\"><strong>Connecting the organization with the transition<\/strong> - with system analysis<\/li>\n\n\n\n<li><\/strong>Identifying strategic and affordable pathways forward<\/strong><br><br><\/li>\n<\/ol>\n\n\n\n<p>Every level deepens this logic.<\/p>\n\n\n\n<p>Detta \u00e4r inte en linj\u00e4r konsultprocess.<\/p>\n\n\n\n<p>Det \u00e4r ett strukturerat s\u00e4tt att resonera om h\u00e5llbarhet i komplexa system.<\/p>\n\n\n\n<p>Every level-package applies this logic to a varying depth and resolution:<\/p>\n\n\n\n<ul class=\"wp-block-list\">\n<li><strong><em><a href=\"https:\/\/roadmapper.se\/en\/tjanster\/vardedriven-hallbarhetsomstallning\/niva-0-testworkshop\/\" data-type=\"page\" data-id=\"419\">Level 0 - Test Workshop<\/a><\/em><\/strong><\/li>\n\n\n\n<li><strong><em><a href=\"https:\/\/roadmapper.se\/en\/tjanster\/vardedriven-hallbarhetsomstallning\/level-1-organisatorisk-rivstart\/\" data-type=\"page\" data-id=\"421\">Level 1 - Organizational Kick-Start<\/a><\/em><\/strong><\/li>\n\n\n\n<li><strong><em><a href=\"https:\/\/roadmapper.se\/en\/tjanster\/vardedriven-hallbarhetsomstallning\/niva-2-organisatorisk-fardplan\/\" data-type=\"page\" data-id=\"423\">Level 2 - Organizational Roadmap<\/a><\/em><\/strong><\/li>\n\n\n\n<li><strong><em><a href=\"https:\/\/roadmapper.se\/en\/tjanster\/vardedriven-hallbarhetsomstallning\/niva-3-simulatorer-och-spel\/\" data-type=\"page\" data-id=\"425\">Level 3 - Simulators and Serious Games<\/a><\/em><\/strong><\/li>\n<\/ul>\n\n\n\n<p><\/p>","protected":false},"excerpt":{"rendered":"<p>Detta \u00e4r v\u00e5r huvudtj\u00e4nstefamilj som \u00e4r f\u00f6rankrad i strategisk h\u00e5llbarhet och systemanalys. Den finns i fyra niv\u00e5er, fr\u00e5n orientering till instrumentering. Alla bygger p\u00e5 samma fyrdelade resonemangsstruktur: Varje niv\u00e5 f\u00f6rdjupar denna logik. Detta \u00e4r inte en linj\u00e4r konsultprocess. Det \u00e4r ett strukturerat s\u00e4tt att resonera om h\u00e5llbarhet i komplexa system. Varje niv\u00e5paket nedan till\u00e4mpar denna [&hellip;]<\/p>","protected":false},"author":2,"featured_media":1029,"parent":767,"menu_order":0,"comment_status":"closed","ping_status":"closed","template":"","meta":{"footnotes":""},"class_list":["post-417","page","type-page","status-publish","has-post-thumbnail","hentry"],"yoast_head":"<!-- This site is optimized with the Yoast SEO plugin v26.7 - https:\/\/yoast.com\/wordpress\/plugins\/seo\/ -->\n<title>V\u00e4rdedriven h\u00e5llbarhetsomst\u00e4llning - Roadmapper<\/title>\n<meta name=\"robots\" content=\"index, follow, max-snippet:-1, max-image-preview:large, max-video-preview:-1\" \/>\n<link rel=\"canonical\" href=\"https:\/\/roadmapper.se\/en\/oversikt-tjanster\/vardedriven-hallbarhetsomstallning-2\/\" \/>\n<meta property=\"og:locale\" content=\"en_GB\" \/>\n<meta property=\"og:type\" content=\"article\" \/>\n<meta property=\"og:title\" content=\"V\u00e4rdedriven h\u00e5llbarhetsomst\u00e4llning - Roadmapper\" \/>\n<meta property=\"og:description\" content=\"Detta \u00e4r v\u00e5r huvudtj\u00e4nstefamilj som \u00e4r f\u00f6rankrad i strategisk h\u00e5llbarhet och systemanalys. Den finns i fyra niv\u00e5er, fr\u00e5n orientering till instrumentering. Alla bygger p\u00e5 samma fyrdelade resonemangsstruktur: Varje niv\u00e5 f\u00f6rdjupar denna logik. Detta \u00e4r inte en linj\u00e4r konsultprocess. Det \u00e4r ett strukturerat s\u00e4tt att resonera om h\u00e5llbarhet i komplexa system. Varje niv\u00e5paket nedan till\u00e4mpar denna [&hellip;]\" \/>\n<meta property=\"og:url\" content=\"https:\/\/roadmapper.se\/en\/oversikt-tjanster\/vardedriven-hallbarhetsomstallning-2\/\" \/>\n<meta property=\"og:site_name\" content=\"Roadmapper\" \/>\n<meta property=\"article:modified_time\" content=\"2026-02-03T19:58:07+00:00\" \/>\n<meta property=\"og:image\" content=\"https:\/\/roadmapper.se\/wp-content\/uploads\/2026\/01\/Henrik-Ny-92-scaled.jpg\" \/>\n\t<meta property=\"og:image:width\" content=\"2560\" \/>\n\t<meta property=\"og:image:height\" content=\"1707\" \/>\n\t<meta property=\"og:image:type\" content=\"image\/jpeg\" \/>\n<meta name=\"twitter:card\" content=\"summary_large_image\" \/>\n<meta name=\"twitter:label1\" content=\"Estimated reading time\" \/>\n\t<meta name=\"twitter:data1\" content=\"1 minute\" \/>\n<script type=\"application\/ld+json\" class=\"yoast-schema-graph\">{\"@context\":\"https:\/\/schema.org\",\"@graph\":[{\"@type\":\"WebPage\",\"@id\":\"https:\/\/roadmapper.se\/oversikt-tjanster\/vardedriven-hallbarhetsomstallning-2\/\",\"url\":\"https:\/\/roadmapper.se\/oversikt-tjanster\/vardedriven-hallbarhetsomstallning-2\/\",\"name\":\"V\u00e4rdedriven h\u00e5llbarhetsomst\u00e4llning - Roadmapper\",\"isPartOf\":{\"@id\":\"https:\/\/roadmapper.se\/#website\"},\"primaryImageOfPage\":{\"@id\":\"https:\/\/roadmapper.se\/oversikt-tjanster\/vardedriven-hallbarhetsomstallning-2\/#primaryimage\"},\"image\":{\"@id\":\"https:\/\/roadmapper.se\/oversikt-tjanster\/vardedriven-hallbarhetsomstallning-2\/#primaryimage\"},\"thumbnailUrl\":\"https:\/\/roadmapper.se\/wp-content\/uploads\/2026\/01\/Henrik-Ny-92-scaled.jpg\",\"datePublished\":\"2026-01-12T16:57:25+00:00\",\"dateModified\":\"2026-02-03T19:58:07+00:00\",\"breadcrumb\":{\"@id\":\"https:\/\/roadmapper.se\/oversikt-tjanster\/vardedriven-hallbarhetsomstallning-2\/#breadcrumb\"},\"inLanguage\":\"en-GB\",\"potentialAction\":[{\"@type\":\"ReadAction\",\"target\":[\"https:\/\/roadmapper.se\/oversikt-tjanster\/vardedriven-hallbarhetsomstallning-2\/\"]}]},{\"@type\":\"ImageObject\",\"inLanguage\":\"en-GB\",\"@id\":\"https:\/\/roadmapper.se\/oversikt-tjanster\/vardedriven-hallbarhetsomstallning-2\/#primaryimage\",\"url\":\"https:\/\/roadmapper.se\/wp-content\/uploads\/2026\/01\/Henrik-Ny-92-scaled.jpg\",\"contentUrl\":\"https:\/\/roadmapper.se\/wp-content\/uploads\/2026\/01\/Henrik-Ny-92-scaled.jpg\",\"width\":2560,\"height\":1707},{\"@type\":\"BreadcrumbList\",\"@id\":\"https:\/\/roadmapper.se\/oversikt-tjanster\/vardedriven-hallbarhetsomstallning-2\/#breadcrumb\",\"itemListElement\":[{\"@type\":\"ListItem\",\"position\":1,\"name\":\"Hem\",\"item\":\"https:\/\/roadmapper.se\/\"},{\"@type\":\"ListItem\",\"position\":2,\"name\":\"Tj\u00e4nster\",\"item\":\"https:\/\/roadmapper.se\/oversikt-tjanster\/\"},{\"@type\":\"ListItem\",\"position\":3,\"name\":\"V\u00e4rdedriven h\u00e5llbarhetsomst\u00e4llning\"}]},{\"@type\":\"WebSite\",\"@id\":\"https:\/\/roadmapper.se\/#website\",\"url\":\"https:\/\/roadmapper.se\/\",\"name\":\"The Swedish Roadmapper Laboratory\",\"description\":\"Ett initiativ f\u00f6r omst\u00e4llning \u2013 fr\u00e5n forskning till f\u00f6r\u00e4ndring\",\"publisher\":{\"@id\":\"https:\/\/roadmapper.se\/#organization\"},\"potentialAction\":[{\"@type\":\"SearchAction\",\"target\":{\"@type\":\"EntryPoint\",\"urlTemplate\":\"https:\/\/roadmapper.se\/?s={search_term_string}\"},\"query-input\":{\"@type\":\"PropertyValueSpecification\",\"valueRequired\":true,\"valueName\":\"search_term_string\"}}],\"inLanguage\":\"en-GB\"},{\"@type\":\"Organization\",\"@id\":\"https:\/\/roadmapper.se\/#organization\",\"name\":\"The Swedish Roadmapper Laboratory\",\"url\":\"https:\/\/roadmapper.se\/\",\"logo\":{\"@type\":\"ImageObject\",\"inLanguage\":\"en-GB\",\"@id\":\"https:\/\/roadmapper.se\/#\/schema\/logo\/image\/\",\"url\":\"https:\/\/roadmapper.se\/wp-content\/uploads\/2026\/01\/rm-lab-petrol-b1100px.png\",\"contentUrl\":\"https:\/\/roadmapper.se\/wp-content\/uploads\/2026\/01\/rm-lab-petrol-b1100px.png\",\"width\":1100,\"height\":519,\"caption\":\"The Swedish Roadmapper Laboratory\"},\"image\":{\"@id\":\"https:\/\/roadmapper.se\/#\/schema\/logo\/image\/\"},\"sameAs\":[\"https:\/\/www.linkedin.com\/in\/henrik-ny-938ba9\/\"]}]}<\/script>\n<!-- \/ Yoast SEO plugin. -->","yoast_head_json":{"title":"V\u00e4rdedriven h\u00e5llbarhetsomst\u00e4llning - Roadmapper","robots":{"index":"index","follow":"follow","max-snippet":"max-snippet:-1","max-image-preview":"max-image-preview:large","max-video-preview":"max-video-preview:-1"},"canonical":"https:\/\/roadmapper.se\/en\/oversikt-tjanster\/vardedriven-hallbarhetsomstallning-2\/","og_locale":"en_GB","og_type":"article","og_title":"V\u00e4rdedriven h\u00e5llbarhetsomst\u00e4llning - Roadmapper","og_description":"Detta \u00e4r v\u00e5r huvudtj\u00e4nstefamilj som \u00e4r f\u00f6rankrad i strategisk h\u00e5llbarhet och systemanalys. Den finns i fyra niv\u00e5er, fr\u00e5n orientering till instrumentering. Alla bygger p\u00e5 samma fyrdelade resonemangsstruktur: Varje niv\u00e5 f\u00f6rdjupar denna logik. Detta \u00e4r inte en linj\u00e4r konsultprocess. Det \u00e4r ett strukturerat s\u00e4tt att resonera om h\u00e5llbarhet i komplexa system. Varje niv\u00e5paket nedan till\u00e4mpar denna [&hellip;]","og_url":"https:\/\/roadmapper.se\/en\/oversikt-tjanster\/vardedriven-hallbarhetsomstallning-2\/","og_site_name":"Roadmapper","article_modified_time":"2026-02-03T19:58:07+00:00","og_image":[{"width":2560,"height":1707,"url":"https:\/\/roadmapper.se\/wp-content\/uploads\/2026\/01\/Henrik-Ny-92-scaled.jpg","type":"image\/jpeg"}],"twitter_card":"summary_large_image","twitter_misc":{"Estimated reading time":"1 minute"},"schema":{"@context":"https:\/\/schema.org","@graph":[{"@type":"WebPage","@id":"https:\/\/roadmapper.se\/oversikt-tjanster\/vardedriven-hallbarhetsomstallning-2\/","url":"https:\/\/roadmapper.se\/oversikt-tjanster\/vardedriven-hallbarhetsomstallning-2\/","name":"V\u00e4rdedriven h\u00e5llbarhetsomst\u00e4llning - Roadmapper","isPartOf":{"@id":"https:\/\/roadmapper.se\/#website"},"primaryImageOfPage":{"@id":"https:\/\/roadmapper.se\/oversikt-tjanster\/vardedriven-hallbarhetsomstallning-2\/#primaryimage"},"image":{"@id":"https:\/\/roadmapper.se\/oversikt-tjanster\/vardedriven-hallbarhetsomstallning-2\/#primaryimage"},"thumbnailUrl":"https:\/\/roadmapper.se\/wp-content\/uploads\/2026\/01\/Henrik-Ny-92-scaled.jpg","datePublished":"2026-01-12T16:57:25+00:00","dateModified":"2026-02-03T19:58:07+00:00","breadcrumb":{"@id":"https:\/\/roadmapper.se\/oversikt-tjanster\/vardedriven-hallbarhetsomstallning-2\/#breadcrumb"},"inLanguage":"en-GB","potentialAction":[{"@type":"ReadAction","target":["https:\/\/roadmapper.se\/oversikt-tjanster\/vardedriven-hallbarhetsomstallning-2\/"]}]},{"@type":"ImageObject","inLanguage":"en-GB","@id":"https:\/\/roadmapper.se\/oversikt-tjanster\/vardedriven-hallbarhetsomstallning-2\/#primaryimage","url":"https:\/\/roadmapper.se\/wp-content\/uploads\/2026\/01\/Henrik-Ny-92-scaled.jpg","contentUrl":"https:\/\/roadmapper.se\/wp-content\/uploads\/2026\/01\/Henrik-Ny-92-scaled.jpg","width":2560,"height":1707},{"@type":"BreadcrumbList","@id":"https:\/\/roadmapper.se\/oversikt-tjanster\/vardedriven-hallbarhetsomstallning-2\/#breadcrumb","itemListElement":[{"@type":"ListItem","position":1,"name":"Hem","item":"https:\/\/roadmapper.se\/"},{"@type":"ListItem","position":2,"name":"Tj\u00e4nster","item":"https:\/\/roadmapper.se\/oversikt-tjanster\/"},{"@type":"ListItem","position":3,"name":"V\u00e4rdedriven h\u00e5llbarhetsomst\u00e4llning"}]},{"@type":"WebSite","@id":"https:\/\/roadmapper.se\/#website","url":"https:\/\/roadmapper.se\/","name":"The Swedish Roadmapper Laboratory","description":"Ett initiativ f\u00f6r omst\u00e4llning \u2013 fr\u00e5n forskning till f\u00f6r\u00e4ndring","publisher":{"@id":"https:\/\/roadmapper.se\/#organization"},"potentialAction":[{"@type":"SearchAction","target":{"@type":"EntryPoint","urlTemplate":"https:\/\/roadmapper.se\/?s={search_term_string}"},"query-input":{"@type":"PropertyValueSpecification","valueRequired":true,"valueName":"search_term_string"}}],"inLanguage":"en-GB"},{"@type":"Organization","@id":"https:\/\/roadmapper.se\/#organization","name":"The Swedish Roadmapper Laboratory","url":"https:\/\/roadmapper.se\/","logo":{"@type":"ImageObject","inLanguage":"en-GB","@id":"https:\/\/roadmapper.se\/#\/schema\/logo\/image\/","url":"https:\/\/roadmapper.se\/wp-content\/uploads\/2026\/01\/rm-lab-petrol-b1100px.png","contentUrl":"https:\/\/roadmapper.se\/wp-content\/uploads\/2026\/01\/rm-lab-petrol-b1100px.png","width":1100,"height":519,"caption":"The Swedish Roadmapper Laboratory"},"image":{"@id":"https:\/\/roadmapper.se\/#\/schema\/logo\/image\/"},"sameAs":["https:\/\/www.linkedin.com\/in\/henrik-ny-938ba9\/"]}]}},"_links":{"self":[{"href":"https:\/\/roadmapper.se\/en\/wp-json\/wp\/v2\/pages\/417","targetHints":{"allow":["GET"]}}],"collection":[{"href":"https:\/\/roadmapper.se\/en\/wp-json\/wp\/v2\/pages"}],"about":[{"href":"https:\/\/roadmapper.se\/en\/wp-json\/wp\/v2\/types\/page"}],"author":[{"embeddable":true,"href":"https:\/\/roadmapper.se\/en\/wp-json\/wp\/v2\/users\/2"}],"replies":[{"embeddable":true,"href":"https:\/\/roadmapper.se\/en\/wp-json\/wp\/v2\/comments?post=417"}],"version-history":[{"count":4,"href":"https:\/\/roadmapper.se\/en\/wp-json\/wp\/v2\/pages\/417\/revisions"}],"predecessor-version":[{"id":812,"href":"https:\/\/roadmapper.se\/en\/wp-json\/wp\/v2\/pages\/417\/revisions\/812"}],"up":[{"embeddable":true,"href":"https:\/\/roadmapper.se\/en\/wp-json\/wp\/v2\/pages\/767"}],"wp:featuredmedia":[{"embeddable":true,"href":"https:\/\/roadmapper.se\/en\/wp-json\/wp\/v2\/media\/1029"}],"wp:attachment":[{"href":"https:\/\/roadmapper.se\/en\/wp-json\/wp\/v2\/media?parent=417"}],"curies":[{"name":"wp","href":"https:\/\/api.w.org\/{rel}","templated":true}]}}