{"id":405,"date":"2026-01-12T16:53:29","date_gmt":"2026-01-12T16:53:29","guid":{"rendered":"https:\/\/roadmapper.se\/?page_id=405"},"modified":"2026-01-21T10:13:22","modified_gmt":"2026-01-21T10:13:22","slug":"roadmappers-kunskapsdatabas","status":"publish","type":"page","link":"https:\/\/roadmapper.se\/en\/forskning-och-kunskap\/roadmappers-kunskapsdatabas\/","title":{"rendered":"The Roadmapper Knowledge Database"},"content":{"rendered":"<p>The Roadmapper Knowledge Database will be a structured, linked knowledge platform that explains central terms, frameworks and system relationships that are relevant for sustainability transition.<\/p>\n\n\n\n<p>It is designed to:<\/p>\n\n\n\n<ul class=\"wp-block-list\">\n<li class=\"translation-block\">build <strong>systems understanding at societal level<\/strong><\/li>\n\n\n\n<li>connect terms across domains<\/li>\n\n\n\n<li class=\"translation-block\">support <strong>strategic reasoning<\/strong><\/li>\n<\/ul>\n\n\n\n<p><br>The Knowledge Database is organized in three layers:<br><br><\/p>\n\n\n\n<h3 class=\"wp-block-heading\">Intuitive Layer<\/h3>\n\n\n\n<p>Clear, available explanations of central terms.<br><br><\/p>\n\n\n\n<h3 class=\"wp-block-heading\">System Layer<\/h3>\n\n\n\n<p>Structural and relational understanding of how systems work and interact.<br><br><\/p>\n\n\n\n<h3 class=\"wp-block-heading\">Scientific Layer<\/h3>\n\n\n\n<p>Deeper theoretical and methodological foundations.<\/p>\n\n\n\n<p>This structure facilitates:<\/p>\n\n\n\n<ul class=\"wp-block-list\">\n<li>availability without loss of stringency<\/li>\n\n\n\n<li>depth without loss of context<\/li>\n<\/ul>\n\n\n\n<p><br>The Knowledge Database will not become a dictionary.<\/p>\n\n\n\n<p>It is planned to become a conceptual map of the sustainability transition landscape.<\/p>\n\n\n\n<p><\/p>","protected":false},"excerpt":{"rendered":"<p>Roadmappers Kunskapsdatabas ska bli en strukturerad, sammanl\u00e4nkad kunskapsplattform som f\u00f6rklarar centrala begrepp, ramverk och systemrelationer relevanta f\u00f6r h\u00e5llbarhetsomst\u00e4llningar. Den utformas f\u00f6r att: Kunskapsdatabasen organiseras i tre lager: Intuitivt lager Tydliga, tillg\u00e4ngliga f\u00f6rklaringar av centrala begrepp. Systemlager Strukturell och relationell f\u00f6rst\u00e5else f\u00f6r hur system fungerar och samverkar. Vetenskapligt lager Djupare teoretiska och metodologiska grunder. Denna struktur [&hellip;]<\/p>","protected":false},"author":2,"featured_media":0,"parent":381,"menu_order":0,"comment_status":"closed","ping_status":"closed","template":"","meta":{"footnotes":""},"class_list":["post-405","page","type-page","status-publish","hentry"],"yoast_head":"<!-- This site is optimized with the Yoast SEO plugin v26.7 - https:\/\/yoast.com\/wordpress\/plugins\/seo\/ -->\n<title>Roadmappers kunskapsdatabas - Roadmapper<\/title>\n<meta name=\"robots\" content=\"index, follow, max-snippet:-1, max-image-preview:large, max-video-preview:-1\" \/>\n<link rel=\"canonical\" href=\"https:\/\/roadmapper.se\/en\/forskning-och-kunskap\/roadmappers-kunskapsdatabas\/\" \/>\n<meta property=\"og:locale\" content=\"en_GB\" \/>\n<meta property=\"og:type\" content=\"article\" \/>\n<meta property=\"og:title\" content=\"Roadmappers kunskapsdatabas - Roadmapper\" \/>\n<meta property=\"og:description\" content=\"Roadmappers Kunskapsdatabas ska bli en strukturerad, sammanl\u00e4nkad kunskapsplattform som f\u00f6rklarar centrala begrepp, ramverk och systemrelationer relevanta f\u00f6r h\u00e5llbarhetsomst\u00e4llningar. Den utformas f\u00f6r att: Kunskapsdatabasen organiseras i tre lager: Intuitivt lager Tydliga, tillg\u00e4ngliga f\u00f6rklaringar av centrala begrepp. Systemlager Strukturell och relationell f\u00f6rst\u00e5else f\u00f6r hur system fungerar och samverkar. Vetenskapligt lager Djupare teoretiska och metodologiska grunder. Denna struktur [&hellip;]\" \/>\n<meta property=\"og:url\" content=\"https:\/\/roadmapper.se\/en\/forskning-och-kunskap\/roadmappers-kunskapsdatabas\/\" \/>\n<meta property=\"og:site_name\" content=\"Roadmapper\" \/>\n<meta property=\"article:modified_time\" content=\"2026-01-21T10:13:22+00:00\" \/>\n<meta name=\"twitter:card\" content=\"summary_large_image\" \/>\n<meta name=\"twitter:label1\" content=\"Estimated reading time\" \/>\n\t<meta name=\"twitter:data1\" content=\"1 minute\" \/>\n<script type=\"application\/ld+json\" class=\"yoast-schema-graph\">{\"@context\":\"https:\/\/schema.org\",\"@graph\":[{\"@type\":\"WebPage\",\"@id\":\"https:\/\/roadmapper.se\/forskning-och-kunskap\/roadmappers-kunskapsdatabas\/\",\"url\":\"https:\/\/roadmapper.se\/forskning-och-kunskap\/roadmappers-kunskapsdatabas\/\",\"name\":\"Roadmappers kunskapsdatabas - Roadmapper\",\"isPartOf\":{\"@id\":\"https:\/\/roadmapper.se\/#website\"},\"datePublished\":\"2026-01-12T16:53:29+00:00\",\"dateModified\":\"2026-01-21T10:13:22+00:00\",\"breadcrumb\":{\"@id\":\"https:\/\/roadmapper.se\/forskning-och-kunskap\/roadmappers-kunskapsdatabas\/#breadcrumb\"},\"inLanguage\":\"en-GB\",\"potentialAction\":[{\"@type\":\"ReadAction\",\"target\":[\"https:\/\/roadmapper.se\/forskning-och-kunskap\/roadmappers-kunskapsdatabas\/\"]}]},{\"@type\":\"BreadcrumbList\",\"@id\":\"https:\/\/roadmapper.se\/forskning-och-kunskap\/roadmappers-kunskapsdatabas\/#breadcrumb\",\"itemListElement\":[{\"@type\":\"ListItem\",\"position\":1,\"name\":\"Hem\",\"item\":\"https:\/\/roadmapper.se\/\"},{\"@type\":\"ListItem\",\"position\":2,\"name\":\"Forskning och kunskap\",\"item\":\"https:\/\/roadmapper.se\/forskning-och-kunskap\/\"},{\"@type\":\"ListItem\",\"position\":3,\"name\":\"Roadmappers kunskapsdatabas\"}]},{\"@type\":\"WebSite\",\"@id\":\"https:\/\/roadmapper.se\/#website\",\"url\":\"https:\/\/roadmapper.se\/\",\"name\":\"The Swedish Roadmapper Laboratory\",\"description\":\"Ett initiativ f\u00f6r omst\u00e4llning \u2013 fr\u00e5n forskning till f\u00f6r\u00e4ndring\",\"publisher\":{\"@id\":\"https:\/\/roadmapper.se\/#organization\"},\"potentialAction\":[{\"@type\":\"SearchAction\",\"target\":{\"@type\":\"EntryPoint\",\"urlTemplate\":\"https:\/\/roadmapper.se\/?s={search_term_string}\"},\"query-input\":{\"@type\":\"PropertyValueSpecification\",\"valueRequired\":true,\"valueName\":\"search_term_string\"}}],\"inLanguage\":\"en-GB\"},{\"@type\":\"Organization\",\"@id\":\"https:\/\/roadmapper.se\/#organization\",\"name\":\"The Swedish Roadmapper Laboratory\",\"url\":\"https:\/\/roadmapper.se\/\",\"logo\":{\"@type\":\"ImageObject\",\"inLanguage\":\"en-GB\",\"@id\":\"https:\/\/roadmapper.se\/#\/schema\/logo\/image\/\",\"url\":\"https:\/\/roadmapper.se\/wp-content\/uploads\/2026\/01\/rm-lab-petrol-b1100px.png\",\"contentUrl\":\"https:\/\/roadmapper.se\/wp-content\/uploads\/2026\/01\/rm-lab-petrol-b1100px.png\",\"width\":1100,\"height\":519,\"caption\":\"The Swedish Roadmapper Laboratory\"},\"image\":{\"@id\":\"https:\/\/roadmapper.se\/#\/schema\/logo\/image\/\"},\"sameAs\":[\"https:\/\/www.linkedin.com\/in\/henrik-ny-938ba9\/\"]}]}<\/script>\n<!-- \/ Yoast SEO plugin. -->","yoast_head_json":{"title":"Roadmappers kunskapsdatabas - Roadmapper","robots":{"index":"index","follow":"follow","max-snippet":"max-snippet:-1","max-image-preview":"max-image-preview:large","max-video-preview":"max-video-preview:-1"},"canonical":"https:\/\/roadmapper.se\/en\/forskning-och-kunskap\/roadmappers-kunskapsdatabas\/","og_locale":"en_GB","og_type":"article","og_title":"Roadmappers kunskapsdatabas - Roadmapper","og_description":"Roadmappers Kunskapsdatabas ska bli en strukturerad, sammanl\u00e4nkad kunskapsplattform som f\u00f6rklarar centrala begrepp, ramverk och systemrelationer relevanta f\u00f6r h\u00e5llbarhetsomst\u00e4llningar. Den utformas f\u00f6r att: Kunskapsdatabasen organiseras i tre lager: Intuitivt lager Tydliga, tillg\u00e4ngliga f\u00f6rklaringar av centrala begrepp. Systemlager Strukturell och relationell f\u00f6rst\u00e5else f\u00f6r hur system fungerar och samverkar. Vetenskapligt lager Djupare teoretiska och metodologiska grunder. Denna struktur [&hellip;]","og_url":"https:\/\/roadmapper.se\/en\/forskning-och-kunskap\/roadmappers-kunskapsdatabas\/","og_site_name":"Roadmapper","article_modified_time":"2026-01-21T10:13:22+00:00","twitter_card":"summary_large_image","twitter_misc":{"Estimated reading time":"1 minute"},"schema":{"@context":"https:\/\/schema.org","@graph":[{"@type":"WebPage","@id":"https:\/\/roadmapper.se\/forskning-och-kunskap\/roadmappers-kunskapsdatabas\/","url":"https:\/\/roadmapper.se\/forskning-och-kunskap\/roadmappers-kunskapsdatabas\/","name":"Roadmappers kunskapsdatabas - Roadmapper","isPartOf":{"@id":"https:\/\/roadmapper.se\/#website"},"datePublished":"2026-01-12T16:53:29+00:00","dateModified":"2026-01-21T10:13:22+00:00","breadcrumb":{"@id":"https:\/\/roadmapper.se\/forskning-och-kunskap\/roadmappers-kunskapsdatabas\/#breadcrumb"},"inLanguage":"en-GB","potentialAction":[{"@type":"ReadAction","target":["https:\/\/roadmapper.se\/forskning-och-kunskap\/roadmappers-kunskapsdatabas\/"]}]},{"@type":"BreadcrumbList","@id":"https:\/\/roadmapper.se\/forskning-och-kunskap\/roadmappers-kunskapsdatabas\/#breadcrumb","itemListElement":[{"@type":"ListItem","position":1,"name":"Hem","item":"https:\/\/roadmapper.se\/"},{"@type":"ListItem","position":2,"name":"Forskning och kunskap","item":"https:\/\/roadmapper.se\/forskning-och-kunskap\/"},{"@type":"ListItem","position":3,"name":"Roadmappers kunskapsdatabas"}]},{"@type":"WebSite","@id":"https:\/\/roadmapper.se\/#website","url":"https:\/\/roadmapper.se\/","name":"The Swedish Roadmapper Laboratory","description":"Ett initiativ f\u00f6r omst\u00e4llning \u2013 fr\u00e5n forskning till f\u00f6r\u00e4ndring","publisher":{"@id":"https:\/\/roadmapper.se\/#organization"},"potentialAction":[{"@type":"SearchAction","target":{"@type":"EntryPoint","urlTemplate":"https:\/\/roadmapper.se\/?s={search_term_string}"},"query-input":{"@type":"PropertyValueSpecification","valueRequired":true,"valueName":"search_term_string"}}],"inLanguage":"en-GB"},{"@type":"Organization","@id":"https:\/\/roadmapper.se\/#organization","name":"The Swedish Roadmapper Laboratory","url":"https:\/\/roadmapper.se\/","logo":{"@type":"ImageObject","inLanguage":"en-GB","@id":"https:\/\/roadmapper.se\/#\/schema\/logo\/image\/","url":"https:\/\/roadmapper.se\/wp-content\/uploads\/2026\/01\/rm-lab-petrol-b1100px.png","contentUrl":"https:\/\/roadmapper.se\/wp-content\/uploads\/2026\/01\/rm-lab-petrol-b1100px.png","width":1100,"height":519,"caption":"The Swedish Roadmapper Laboratory"},"image":{"@id":"https:\/\/roadmapper.se\/#\/schema\/logo\/image\/"},"sameAs":["https:\/\/www.linkedin.com\/in\/henrik-ny-938ba9\/"]}]}},"_links":{"self":[{"href":"https:\/\/roadmapper.se\/en\/wp-json\/wp\/v2\/pages\/405","targetHints":{"allow":["GET"]}}],"collection":[{"href":"https:\/\/roadmapper.se\/en\/wp-json\/wp\/v2\/pages"}],"about":[{"href":"https:\/\/roadmapper.se\/en\/wp-json\/wp\/v2\/types\/page"}],"author":[{"embeddable":true,"href":"https:\/\/roadmapper.se\/en\/wp-json\/wp\/v2\/users\/2"}],"replies":[{"embeddable":true,"href":"https:\/\/roadmapper.se\/en\/wp-json\/wp\/v2\/comments?post=405"}],"version-history":[{"count":12,"href":"https:\/\/roadmapper.se\/en\/wp-json\/wp\/v2\/pages\/405\/revisions"}],"predecessor-version":[{"id":985,"href":"https:\/\/roadmapper.se\/en\/wp-json\/wp\/v2\/pages\/405\/revisions\/985"}],"up":[{"embeddable":true,"href":"https:\/\/roadmapper.se\/en\/wp-json\/wp\/v2\/pages\/381"}],"wp:attachment":[{"href":"https:\/\/roadmapper.se\/en\/wp-json\/wp\/v2\/media?parent=405"}],"curies":[{"name":"wp","href":"https:\/\/api.w.org\/{rel}","templated":true}]}}