{"id":393,"date":"2026-01-12T16:51:07","date_gmt":"2026-01-12T16:51:07","guid":{"rendered":"https:\/\/roadmapper.se\/?page_id=393"},"modified":"2026-04-02T12:56:11","modified_gmt":"2026-04-02T12:56:11","slug":"kontakt","status":"publish","type":"page","link":"https:\/\/roadmapper.se\/en\/kontakt\/","title":{"rendered":"Contact"},"content":{"rendered":"<h2 class=\"wp-block-heading\"><a>A strating point for serious dialogue<\/a><\/h2>\n\n\n\n<p>Swedish Roadmapper Laboratory is a platform used in collaboration with organizations, research environments and public actors working with sustainability transition in complex systems.<\/p>\n\n\n\n<p>We welcome dialogue around:<\/p>\n\n\n\n<ul class=\"wp-block-list\">\n<li>strategic sustainability challenges<\/li>\n\n\n\n<li>systemomst\u00e4llningsfr\u00e5gor<\/li>\n\n\n\n<li>design of transition pathways<\/li>\n\n\n\n<li>collaboration between research and practice<br><br><\/li>\n<\/ul>\n\n\n\n<p class=\"translation-block\">Engagments can be exploratory, research-focused or applied.<br>The format depends on the context.<br><br><\/p>\n\n\n\n<h2 class=\"wp-block-heading\"><a>Initial Contact<\/a><\/h2>\n\n\n\n<p>If you are interested to explore a potential collaboration, partnership or dialogue around the Roadmapper platform then you are very welcome to get in touch.<\/p>\n\n\n\n<p>Initial talks are:<\/p>\n\n\n\n<ul class=\"wp-block-list\">\n<li>exploratory<\/li>\n\n\n\n<li>non-binding<\/li>\n\n\n\n<li>focused to understand contexts and challenges<br><br><\/li>\n<\/ul>\n\n\n\n<p>They are not sales calls.<br><br><\/p>\n\n\n\n<h2 class=\"wp-block-heading\">Contact Details<\/h2>\n\n\n\n<p><\/p>\n\n\n\n<figure class=\"wp-block-image size-full is-resized\"><img fetchpriority=\"high\" decoding=\"async\" width=\"684\" height=\"621\" src=\"https:\/\/roadmapper.se\/wp-content\/uploads\/2026\/01\/Skarmavbild-2026-01-31-kl.-11.23.00.png\" alt=\"\" class=\"wp-image-1027\" style=\"width:300px\" srcset=\"https:\/\/roadmapper.se\/wp-content\/uploads\/2026\/01\/Skarmavbild-2026-01-31-kl.-11.23.00.png 684w, https:\/\/roadmapper.se\/wp-content\/uploads\/2026\/01\/Skarmavbild-2026-01-31-kl.-11.23.00-300x272.png 300w, https:\/\/roadmapper.se\/wp-content\/uploads\/2026\/01\/Skarmavbild-2026-01-31-kl.-11.23.00-13x12.png 13w\" sizes=\"(max-width: 684px) 100vw, 684px\" \/><figcaption class=\"wp-element-caption\"><em><sub>Photo taken by: Robin Frejd<\/sub><\/em><\/figcaption><\/figure>\n\n\n\n<p><\/p>\n\n\n\n<p><strong>Henrik Ny<\/strong><\/p>\n\n\n\n<p class=\"translation-block\">Associate professor in Strategic Sustainable Development <br>Initiator to The Swedish Roadmapper Laboratory<br>CEO Roadmapper Consulting<\/p>\n\n\n\n<p>+46 0701 435131<\/p>\n\n\n\n<p>karl.henrik.ny@gmail.com<\/p>\n\n\n\n<p>Institutional Affiliations - BTH \/ The Swedish Roadmapper Consulting<\/p>\n\n\n\n<p><\/p>","protected":false},"excerpt":{"rendered":"<p>En startpunkt f\u00f6r seri\u00f6s dialog Swedish Roadmapper Laboratory \u00e4r en plattform som anv\u00e4nds i samverkan med organisationer, forskningsmilj\u00f6er och offentliga akt\u00f6rer som arbetar med h\u00e5llbarhetsomst\u00e4llning i komplexa system. Vi v\u00e4lkomnar dialog kring: Engagemang kan vara utforskande, forskningsinriktade eller till\u00e4mpade.Formatet beror p\u00e5 sammanhanget. Inledande kontakt Om du \u00e4r intresserad av att utforska ett potentiellt samarbete, partnerskap [&hellip;]<\/p>","protected":false},"author":2,"featured_media":902,"parent":0,"menu_order":0,"comment_status":"closed","ping_status":"closed","template":"","meta":{"footnotes":"[]"},"class_list":["post-393","page","type-page","status-publish","has-post-thumbnail","hentry"],"yoast_head":"<!-- This site is optimized with the Yoast SEO plugin v26.7 - https:\/\/yoast.com\/wordpress\/plugins\/seo\/ -->\n<title>Kontakt - Roadmapper<\/title>\n<meta name=\"robots\" content=\"index, follow, max-snippet:-1, max-image-preview:large, max-video-preview:-1\" \/>\n<link rel=\"canonical\" href=\"https:\/\/roadmapper.se\/en\/kontakt\/\" \/>\n<meta property=\"og:locale\" content=\"en_GB\" \/>\n<meta property=\"og:type\" content=\"article\" \/>\n<meta property=\"og:title\" content=\"Kontakt - Roadmapper\" \/>\n<meta property=\"og:description\" content=\"En startpunkt f\u00f6r seri\u00f6s dialog Swedish Roadmapper Laboratory \u00e4r en plattform som anv\u00e4nds i samverkan med organisationer, forskningsmilj\u00f6er och offentliga akt\u00f6rer som arbetar med h\u00e5llbarhetsomst\u00e4llning i komplexa system. Vi v\u00e4lkomnar dialog kring: Engagemang kan vara utforskande, forskningsinriktade eller till\u00e4mpade.Formatet beror p\u00e5 sammanhanget. Inledande kontakt Om du \u00e4r intresserad av att utforska ett potentiellt samarbete, partnerskap [&hellip;]\" \/>\n<meta property=\"og:url\" content=\"https:\/\/roadmapper.se\/en\/kontakt\/\" \/>\n<meta property=\"og:site_name\" content=\"Roadmapper\" \/>\n<meta property=\"article:modified_time\" content=\"2026-04-02T12:56:11+00:00\" \/>\n<meta property=\"og:image\" content=\"https:\/\/roadmapper.se\/wp-content\/uploads\/2026\/01\/markus-winkler-48CkLuEGgWU-unsplash-scaled.jpg\" \/>\n\t<meta property=\"og:image:width\" content=\"2560\" \/>\n\t<meta property=\"og:image:height\" content=\"1707\" \/>\n\t<meta property=\"og:image:type\" content=\"image\/jpeg\" \/>\n<meta name=\"twitter:card\" content=\"summary_large_image\" \/>\n<meta name=\"twitter:label1\" content=\"Estimated reading time\" \/>\n\t<meta name=\"twitter:data1\" content=\"2 minutes\" \/>\n<script type=\"application\/ld+json\" class=\"yoast-schema-graph\">{\"@context\":\"https:\/\/schema.org\",\"@graph\":[{\"@type\":\"WebPage\",\"@id\":\"https:\/\/roadmapper.se\/kontakt\/\",\"url\":\"https:\/\/roadmapper.se\/kontakt\/\",\"name\":\"Kontakt - Roadmapper\",\"isPartOf\":{\"@id\":\"https:\/\/roadmapper.se\/#website\"},\"primaryImageOfPage\":{\"@id\":\"https:\/\/roadmapper.se\/kontakt\/#primaryimage\"},\"image\":{\"@id\":\"https:\/\/roadmapper.se\/kontakt\/#primaryimage\"},\"thumbnailUrl\":\"https:\/\/roadmapper.se\/wp-content\/uploads\/2026\/01\/markus-winkler-48CkLuEGgWU-unsplash-scaled.jpg\",\"datePublished\":\"2026-01-12T16:51:07+00:00\",\"dateModified\":\"2026-04-02T12:56:11+00:00\",\"breadcrumb\":{\"@id\":\"https:\/\/roadmapper.se\/kontakt\/#breadcrumb\"},\"inLanguage\":\"en-GB\",\"potentialAction\":[{\"@type\":\"ReadAction\",\"target\":[\"https:\/\/roadmapper.se\/kontakt\/\"]}]},{\"@type\":\"ImageObject\",\"inLanguage\":\"en-GB\",\"@id\":\"https:\/\/roadmapper.se\/kontakt\/#primaryimage\",\"url\":\"https:\/\/roadmapper.se\/wp-content\/uploads\/2026\/01\/markus-winkler-48CkLuEGgWU-unsplash-scaled.jpg\",\"contentUrl\":\"https:\/\/roadmapper.se\/wp-content\/uploads\/2026\/01\/markus-winkler-48CkLuEGgWU-unsplash-scaled.jpg\",\"width\":2560,\"height\":1707},{\"@type\":\"BreadcrumbList\",\"@id\":\"https:\/\/roadmapper.se\/kontakt\/#breadcrumb\",\"itemListElement\":[{\"@type\":\"ListItem\",\"position\":1,\"name\":\"Hem\",\"item\":\"https:\/\/roadmapper.se\/\"},{\"@type\":\"ListItem\",\"position\":2,\"name\":\"Kontakt\"}]},{\"@type\":\"WebSite\",\"@id\":\"https:\/\/roadmapper.se\/#website\",\"url\":\"https:\/\/roadmapper.se\/\",\"name\":\"The Swedish Roadmapper Laboratory\",\"description\":\"Ett initiativ f\u00f6r omst\u00e4llning \u2013 fr\u00e5n forskning till f\u00f6r\u00e4ndring\",\"publisher\":{\"@id\":\"https:\/\/roadmapper.se\/#organization\"},\"potentialAction\":[{\"@type\":\"SearchAction\",\"target\":{\"@type\":\"EntryPoint\",\"urlTemplate\":\"https:\/\/roadmapper.se\/?s={search_term_string}\"},\"query-input\":{\"@type\":\"PropertyValueSpecification\",\"valueRequired\":true,\"valueName\":\"search_term_string\"}}],\"inLanguage\":\"en-GB\"},{\"@type\":\"Organization\",\"@id\":\"https:\/\/roadmapper.se\/#organization\",\"name\":\"The Swedish Roadmapper Laboratory\",\"url\":\"https:\/\/roadmapper.se\/\",\"logo\":{\"@type\":\"ImageObject\",\"inLanguage\":\"en-GB\",\"@id\":\"https:\/\/roadmapper.se\/#\/schema\/logo\/image\/\",\"url\":\"https:\/\/roadmapper.se\/wp-content\/uploads\/2026\/01\/rm-lab-petrol-b1100px.png\",\"contentUrl\":\"https:\/\/roadmapper.se\/wp-content\/uploads\/2026\/01\/rm-lab-petrol-b1100px.png\",\"width\":1100,\"height\":519,\"caption\":\"The Swedish Roadmapper Laboratory\"},\"image\":{\"@id\":\"https:\/\/roadmapper.se\/#\/schema\/logo\/image\/\"},\"sameAs\":[\"https:\/\/www.linkedin.com\/in\/henrik-ny-938ba9\/\"]}]}<\/script>\n<!-- \/ Yoast SEO plugin. -->","yoast_head_json":{"title":"Kontakt - Roadmapper","robots":{"index":"index","follow":"follow","max-snippet":"max-snippet:-1","max-image-preview":"max-image-preview:large","max-video-preview":"max-video-preview:-1"},"canonical":"https:\/\/roadmapper.se\/en\/kontakt\/","og_locale":"en_GB","og_type":"article","og_title":"Kontakt - Roadmapper","og_description":"En startpunkt f\u00f6r seri\u00f6s dialog Swedish Roadmapper Laboratory \u00e4r en plattform som anv\u00e4nds i samverkan med organisationer, forskningsmilj\u00f6er och offentliga akt\u00f6rer som arbetar med h\u00e5llbarhetsomst\u00e4llning i komplexa system. Vi v\u00e4lkomnar dialog kring: Engagemang kan vara utforskande, forskningsinriktade eller till\u00e4mpade.Formatet beror p\u00e5 sammanhanget. Inledande kontakt Om du \u00e4r intresserad av att utforska ett potentiellt samarbete, partnerskap [&hellip;]","og_url":"https:\/\/roadmapper.se\/en\/kontakt\/","og_site_name":"Roadmapper","article_modified_time":"2026-04-02T12:56:11+00:00","og_image":[{"width":2560,"height":1707,"url":"https:\/\/roadmapper.se\/wp-content\/uploads\/2026\/01\/markus-winkler-48CkLuEGgWU-unsplash-scaled.jpg","type":"image\/jpeg"}],"twitter_card":"summary_large_image","twitter_misc":{"Estimated reading time":"2 minutes"},"schema":{"@context":"https:\/\/schema.org","@graph":[{"@type":"WebPage","@id":"https:\/\/roadmapper.se\/kontakt\/","url":"https:\/\/roadmapper.se\/kontakt\/","name":"Kontakt - Roadmapper","isPartOf":{"@id":"https:\/\/roadmapper.se\/#website"},"primaryImageOfPage":{"@id":"https:\/\/roadmapper.se\/kontakt\/#primaryimage"},"image":{"@id":"https:\/\/roadmapper.se\/kontakt\/#primaryimage"},"thumbnailUrl":"https:\/\/roadmapper.se\/wp-content\/uploads\/2026\/01\/markus-winkler-48CkLuEGgWU-unsplash-scaled.jpg","datePublished":"2026-01-12T16:51:07+00:00","dateModified":"2026-04-02T12:56:11+00:00","breadcrumb":{"@id":"https:\/\/roadmapper.se\/kontakt\/#breadcrumb"},"inLanguage":"en-GB","potentialAction":[{"@type":"ReadAction","target":["https:\/\/roadmapper.se\/kontakt\/"]}]},{"@type":"ImageObject","inLanguage":"en-GB","@id":"https:\/\/roadmapper.se\/kontakt\/#primaryimage","url":"https:\/\/roadmapper.se\/wp-content\/uploads\/2026\/01\/markus-winkler-48CkLuEGgWU-unsplash-scaled.jpg","contentUrl":"https:\/\/roadmapper.se\/wp-content\/uploads\/2026\/01\/markus-winkler-48CkLuEGgWU-unsplash-scaled.jpg","width":2560,"height":1707},{"@type":"BreadcrumbList","@id":"https:\/\/roadmapper.se\/kontakt\/#breadcrumb","itemListElement":[{"@type":"ListItem","position":1,"name":"Hem","item":"https:\/\/roadmapper.se\/"},{"@type":"ListItem","position":2,"name":"Kontakt"}]},{"@type":"WebSite","@id":"https:\/\/roadmapper.se\/#website","url":"https:\/\/roadmapper.se\/","name":"The Swedish Roadmapper Laboratory","description":"Ett initiativ f\u00f6r omst\u00e4llning \u2013 fr\u00e5n forskning till f\u00f6r\u00e4ndring","publisher":{"@id":"https:\/\/roadmapper.se\/#organization"},"potentialAction":[{"@type":"SearchAction","target":{"@type":"EntryPoint","urlTemplate":"https:\/\/roadmapper.se\/?s={search_term_string}"},"query-input":{"@type":"PropertyValueSpecification","valueRequired":true,"valueName":"search_term_string"}}],"inLanguage":"en-GB"},{"@type":"Organization","@id":"https:\/\/roadmapper.se\/#organization","name":"The Swedish Roadmapper Laboratory","url":"https:\/\/roadmapper.se\/","logo":{"@type":"ImageObject","inLanguage":"en-GB","@id":"https:\/\/roadmapper.se\/#\/schema\/logo\/image\/","url":"https:\/\/roadmapper.se\/wp-content\/uploads\/2026\/01\/rm-lab-petrol-b1100px.png","contentUrl":"https:\/\/roadmapper.se\/wp-content\/uploads\/2026\/01\/rm-lab-petrol-b1100px.png","width":1100,"height":519,"caption":"The Swedish Roadmapper Laboratory"},"image":{"@id":"https:\/\/roadmapper.se\/#\/schema\/logo\/image\/"},"sameAs":["https:\/\/www.linkedin.com\/in\/henrik-ny-938ba9\/"]}]}},"_links":{"self":[{"href":"https:\/\/roadmapper.se\/en\/wp-json\/wp\/v2\/pages\/393","targetHints":{"allow":["GET"]}}],"collection":[{"href":"https:\/\/roadmapper.se\/en\/wp-json\/wp\/v2\/pages"}],"about":[{"href":"https:\/\/roadmapper.se\/en\/wp-json\/wp\/v2\/types\/page"}],"author":[{"embeddable":true,"href":"https:\/\/roadmapper.se\/en\/wp-json\/wp\/v2\/users\/2"}],"replies":[{"embeddable":true,"href":"https:\/\/roadmapper.se\/en\/wp-json\/wp\/v2\/comments?post=393"}],"version-history":[{"count":17,"href":"https:\/\/roadmapper.se\/en\/wp-json\/wp\/v2\/pages\/393\/revisions"}],"predecessor-version":[{"id":1098,"href":"https:\/\/roadmapper.se\/en\/wp-json\/wp\/v2\/pages\/393\/revisions\/1098"}],"wp:featuredmedia":[{"embeddable":true,"href":"https:\/\/roadmapper.se\/en\/wp-json\/wp\/v2\/media\/902"}],"wp:attachment":[{"href":"https:\/\/roadmapper.se\/en\/wp-json\/wp\/v2\/media?parent=393"}],"curies":[{"name":"wp","href":"https:\/\/api.w.org\/{rel}","templated":true}]}}