{"id":1047,"date":"2026-01-31T17:32:34","date_gmt":"2026-01-31T17:32:34","guid":{"rendered":"https:\/\/roadmapper.se\/?page_id=1047"},"modified":"2026-01-31T21:05:23","modified_gmt":"2026-01-31T21:05:23","slug":"kapacitetsuppbyggnad-for-genomforande-av-fardplaner","status":"publish","type":"page","link":"https:\/\/roadmapper.se\/en\/oversikt-tjanster\/vardedriven-hallbarhetsomstallning-2\/kapacitetsuppbyggnad-for-genomforande-av-fardplaner\/","title":{"rendered":"Capacity-Building Sprint for Roadmap Implementation"},"content":{"rendered":"<p class=\"translation-block\">Even the most robust transition roadmaps can fail in implementation if leadership alignment, ownership, and human capacity are not adequately addressed. As an optional add-on to our value-driven sustainability transition services, we offer a short, structured <strong>Implementation Capacity-Building Sprint for roadmap owners<\/strong> and key stakeholders. The sprint supports teams in translating roadmap insights into sustainable action by strengthening shared understanding, alignment, and the ability to navigate complexity during implementation. It is delivered remotely in a small number of guided sessions by an experienced sustainability leadership practitioner and can be integrated before, during, or after roadmap development, depending on the client\u2019s needs.<\/p>\n\n\n\n<pre id=\"tw-target-text\" class=\"wp-block-preformatted\"><\/pre>\n\n\n\n<p><\/p>","protected":false},"excerpt":{"rendered":"<p>\u00c4ven de mest robusta omst\u00e4llningsf\u00e4rdplanerna kan misslyckas i implementeringen om ledarskapets samordning, ansvarstagande och m\u00e4nskliga kapacitet inte beaktas tillr\u00e4ckligt. Som ett valfritt till\u00e4gg till v\u00e5r v\u00e4rdedrivna h\u00e5llbarhetsomst\u00e4llningstj\u00e4nster erbjuder vi en kort, strukturerad sprint f\u00f6r implementeringskapacitet f\u00f6r f\u00e4rdplans\u00e4gare och viktiga intressenter. Sprinten st\u00f6der team i att oms\u00e4tta f\u00e4rdplansinsikter till h\u00e5llbara \u00e5tg\u00e4rder genom att st\u00e4rka gemensam f\u00f6rst\u00e5else, [&hellip;]<\/p>","protected":false},"author":4,"featured_media":0,"parent":417,"menu_order":0,"comment_status":"closed","ping_status":"closed","template":"","meta":{"footnotes":""},"class_list":["post-1047","page","type-page","status-publish","hentry"],"yoast_head":"<!-- This site is optimized with the Yoast SEO plugin v26.7 - https:\/\/yoast.com\/wordpress\/plugins\/seo\/ -->\n<title>Snabbutbildning f\u00f6r implementering av f\u00e4rdplaner - Roadmapper<\/title>\n<meta name=\"robots\" content=\"index, follow, max-snippet:-1, max-image-preview:large, max-video-preview:-1\" \/>\n<link rel=\"canonical\" href=\"https:\/\/roadmapper.se\/en\/oversikt-tjanster\/vardedriven-hallbarhetsomstallning-2\/kapacitetsuppbyggnad-for-genomforande-av-fardplaner\/\" \/>\n<meta property=\"og:locale\" content=\"en_GB\" \/>\n<meta property=\"og:type\" content=\"article\" \/>\n<meta property=\"og:title\" content=\"Snabbutbildning f\u00f6r implementering av f\u00e4rdplaner - Roadmapper\" \/>\n<meta property=\"og:description\" content=\"\u00c4ven de mest robusta omst\u00e4llningsf\u00e4rdplanerna kan misslyckas i implementeringen om ledarskapets samordning, ansvarstagande och m\u00e4nskliga kapacitet inte beaktas tillr\u00e4ckligt. Som ett valfritt till\u00e4gg till v\u00e5r v\u00e4rdedrivna h\u00e5llbarhetsomst\u00e4llningstj\u00e4nster erbjuder vi en kort, strukturerad sprint f\u00f6r implementeringskapacitet f\u00f6r f\u00e4rdplans\u00e4gare och viktiga intressenter. Sprinten st\u00f6der team i att oms\u00e4tta f\u00e4rdplansinsikter till h\u00e5llbara \u00e5tg\u00e4rder genom att st\u00e4rka gemensam f\u00f6rst\u00e5else, [&hellip;]\" \/>\n<meta property=\"og:url\" content=\"https:\/\/roadmapper.se\/en\/oversikt-tjanster\/vardedriven-hallbarhetsomstallning-2\/kapacitetsuppbyggnad-for-genomforande-av-fardplaner\/\" \/>\n<meta property=\"og:site_name\" content=\"Roadmapper\" \/>\n<meta property=\"article:modified_time\" content=\"2026-01-31T21:05:23+00:00\" \/>\n<meta name=\"twitter:card\" content=\"summary_large_image\" \/>\n<meta name=\"twitter:label1\" content=\"Estimated reading time\" \/>\n\t<meta name=\"twitter:data1\" content=\"1 minute\" \/>\n<script type=\"application\/ld+json\" class=\"yoast-schema-graph\">{\"@context\":\"https:\/\/schema.org\",\"@graph\":[{\"@type\":\"WebPage\",\"@id\":\"https:\/\/roadmapper.se\/oversikt-tjanster\/vardedriven-hallbarhetsomstallning-2\/kapacitetsuppbyggnad-for-genomforande-av-fardplaner\/\",\"url\":\"https:\/\/roadmapper.se\/oversikt-tjanster\/vardedriven-hallbarhetsomstallning-2\/kapacitetsuppbyggnad-for-genomforande-av-fardplaner\/\",\"name\":\"Snabbutbildning f\u00f6r implementering av f\u00e4rdplaner - Roadmapper\",\"isPartOf\":{\"@id\":\"https:\/\/roadmapper.se\/#website\"},\"datePublished\":\"2026-01-31T17:32:34+00:00\",\"dateModified\":\"2026-01-31T21:05:23+00:00\",\"breadcrumb\":{\"@id\":\"https:\/\/roadmapper.se\/oversikt-tjanster\/vardedriven-hallbarhetsomstallning-2\/kapacitetsuppbyggnad-for-genomforande-av-fardplaner\/#breadcrumb\"},\"inLanguage\":\"en-GB\",\"potentialAction\":[{\"@type\":\"ReadAction\",\"target\":[\"https:\/\/roadmapper.se\/oversikt-tjanster\/vardedriven-hallbarhetsomstallning-2\/kapacitetsuppbyggnad-for-genomforande-av-fardplaner\/\"]}]},{\"@type\":\"BreadcrumbList\",\"@id\":\"https:\/\/roadmapper.se\/oversikt-tjanster\/vardedriven-hallbarhetsomstallning-2\/kapacitetsuppbyggnad-for-genomforande-av-fardplaner\/#breadcrumb\",\"itemListElement\":[{\"@type\":\"ListItem\",\"position\":1,\"name\":\"Hem\",\"item\":\"https:\/\/roadmapper.se\/\"},{\"@type\":\"ListItem\",\"position\":2,\"name\":\"Tj\u00e4nster\",\"item\":\"https:\/\/roadmapper.se\/oversikt-tjanster\/\"},{\"@type\":\"ListItem\",\"position\":3,\"name\":\"V\u00e4rdedriven h\u00e5llbarhetsomst\u00e4llning\",\"item\":\"https:\/\/roadmapper.se\/oversikt-tjanster\/vardedriven-hallbarhetsomstallning-2\/\"},{\"@type\":\"ListItem\",\"position\":4,\"name\":\"Snabbutbildning f\u00f6r implementering av f\u00e4rdplaner\"}]},{\"@type\":\"WebSite\",\"@id\":\"https:\/\/roadmapper.se\/#website\",\"url\":\"https:\/\/roadmapper.se\/\",\"name\":\"The Swedish Roadmapper Laboratory\",\"description\":\"Ett initiativ f\u00f6r omst\u00e4llning \u2013 fr\u00e5n forskning till f\u00f6r\u00e4ndring\",\"publisher\":{\"@id\":\"https:\/\/roadmapper.se\/#organization\"},\"potentialAction\":[{\"@type\":\"SearchAction\",\"target\":{\"@type\":\"EntryPoint\",\"urlTemplate\":\"https:\/\/roadmapper.se\/?s={search_term_string}\"},\"query-input\":{\"@type\":\"PropertyValueSpecification\",\"valueRequired\":true,\"valueName\":\"search_term_string\"}}],\"inLanguage\":\"en-GB\"},{\"@type\":\"Organization\",\"@id\":\"https:\/\/roadmapper.se\/#organization\",\"name\":\"The Swedish Roadmapper Laboratory\",\"url\":\"https:\/\/roadmapper.se\/\",\"logo\":{\"@type\":\"ImageObject\",\"inLanguage\":\"en-GB\",\"@id\":\"https:\/\/roadmapper.se\/#\/schema\/logo\/image\/\",\"url\":\"https:\/\/roadmapper.se\/wp-content\/uploads\/2026\/01\/rm-lab-petrol-b1100px.png\",\"contentUrl\":\"https:\/\/roadmapper.se\/wp-content\/uploads\/2026\/01\/rm-lab-petrol-b1100px.png\",\"width\":1100,\"height\":519,\"caption\":\"The Swedish Roadmapper Laboratory\"},\"image\":{\"@id\":\"https:\/\/roadmapper.se\/#\/schema\/logo\/image\/\"},\"sameAs\":[\"https:\/\/www.linkedin.com\/in\/henrik-ny-938ba9\/\"]}]}<\/script>\n<!-- \/ Yoast SEO plugin. -->","yoast_head_json":{"title":"Snabbutbildning f\u00f6r implementering av f\u00e4rdplaner - Roadmapper","robots":{"index":"index","follow":"follow","max-snippet":"max-snippet:-1","max-image-preview":"max-image-preview:large","max-video-preview":"max-video-preview:-1"},"canonical":"https:\/\/roadmapper.se\/en\/oversikt-tjanster\/vardedriven-hallbarhetsomstallning-2\/kapacitetsuppbyggnad-for-genomforande-av-fardplaner\/","og_locale":"en_GB","og_type":"article","og_title":"Snabbutbildning f\u00f6r implementering av f\u00e4rdplaner - Roadmapper","og_description":"\u00c4ven de mest robusta omst\u00e4llningsf\u00e4rdplanerna kan misslyckas i implementeringen om ledarskapets samordning, ansvarstagande och m\u00e4nskliga kapacitet inte beaktas tillr\u00e4ckligt. Som ett valfritt till\u00e4gg till v\u00e5r v\u00e4rdedrivna h\u00e5llbarhetsomst\u00e4llningstj\u00e4nster erbjuder vi en kort, strukturerad sprint f\u00f6r implementeringskapacitet f\u00f6r f\u00e4rdplans\u00e4gare och viktiga intressenter. Sprinten st\u00f6der team i att oms\u00e4tta f\u00e4rdplansinsikter till h\u00e5llbara \u00e5tg\u00e4rder genom att st\u00e4rka gemensam f\u00f6rst\u00e5else, [&hellip;]","og_url":"https:\/\/roadmapper.se\/en\/oversikt-tjanster\/vardedriven-hallbarhetsomstallning-2\/kapacitetsuppbyggnad-for-genomforande-av-fardplaner\/","og_site_name":"Roadmapper","article_modified_time":"2026-01-31T21:05:23+00:00","twitter_card":"summary_large_image","twitter_misc":{"Estimated reading time":"1 minute"},"schema":{"@context":"https:\/\/schema.org","@graph":[{"@type":"WebPage","@id":"https:\/\/roadmapper.se\/oversikt-tjanster\/vardedriven-hallbarhetsomstallning-2\/kapacitetsuppbyggnad-for-genomforande-av-fardplaner\/","url":"https:\/\/roadmapper.se\/oversikt-tjanster\/vardedriven-hallbarhetsomstallning-2\/kapacitetsuppbyggnad-for-genomforande-av-fardplaner\/","name":"Snabbutbildning f\u00f6r implementering av f\u00e4rdplaner - Roadmapper","isPartOf":{"@id":"https:\/\/roadmapper.se\/#website"},"datePublished":"2026-01-31T17:32:34+00:00","dateModified":"2026-01-31T21:05:23+00:00","breadcrumb":{"@id":"https:\/\/roadmapper.se\/oversikt-tjanster\/vardedriven-hallbarhetsomstallning-2\/kapacitetsuppbyggnad-for-genomforande-av-fardplaner\/#breadcrumb"},"inLanguage":"en-GB","potentialAction":[{"@type":"ReadAction","target":["https:\/\/roadmapper.se\/oversikt-tjanster\/vardedriven-hallbarhetsomstallning-2\/kapacitetsuppbyggnad-for-genomforande-av-fardplaner\/"]}]},{"@type":"BreadcrumbList","@id":"https:\/\/roadmapper.se\/oversikt-tjanster\/vardedriven-hallbarhetsomstallning-2\/kapacitetsuppbyggnad-for-genomforande-av-fardplaner\/#breadcrumb","itemListElement":[{"@type":"ListItem","position":1,"name":"Hem","item":"https:\/\/roadmapper.se\/"},{"@type":"ListItem","position":2,"name":"Tj\u00e4nster","item":"https:\/\/roadmapper.se\/oversikt-tjanster\/"},{"@type":"ListItem","position":3,"name":"V\u00e4rdedriven h\u00e5llbarhetsomst\u00e4llning","item":"https:\/\/roadmapper.se\/oversikt-tjanster\/vardedriven-hallbarhetsomstallning-2\/"},{"@type":"ListItem","position":4,"name":"Snabbutbildning f\u00f6r implementering av f\u00e4rdplaner"}]},{"@type":"WebSite","@id":"https:\/\/roadmapper.se\/#website","url":"https:\/\/roadmapper.se\/","name":"The Swedish Roadmapper Laboratory","description":"Ett initiativ f\u00f6r omst\u00e4llning \u2013 fr\u00e5n forskning till f\u00f6r\u00e4ndring","publisher":{"@id":"https:\/\/roadmapper.se\/#organization"},"potentialAction":[{"@type":"SearchAction","target":{"@type":"EntryPoint","urlTemplate":"https:\/\/roadmapper.se\/?s={search_term_string}"},"query-input":{"@type":"PropertyValueSpecification","valueRequired":true,"valueName":"search_term_string"}}],"inLanguage":"en-GB"},{"@type":"Organization","@id":"https:\/\/roadmapper.se\/#organization","name":"The Swedish Roadmapper Laboratory","url":"https:\/\/roadmapper.se\/","logo":{"@type":"ImageObject","inLanguage":"en-GB","@id":"https:\/\/roadmapper.se\/#\/schema\/logo\/image\/","url":"https:\/\/roadmapper.se\/wp-content\/uploads\/2026\/01\/rm-lab-petrol-b1100px.png","contentUrl":"https:\/\/roadmapper.se\/wp-content\/uploads\/2026\/01\/rm-lab-petrol-b1100px.png","width":1100,"height":519,"caption":"The Swedish Roadmapper Laboratory"},"image":{"@id":"https:\/\/roadmapper.se\/#\/schema\/logo\/image\/"},"sameAs":["https:\/\/www.linkedin.com\/in\/henrik-ny-938ba9\/"]}]}},"_links":{"self":[{"href":"https:\/\/roadmapper.se\/en\/wp-json\/wp\/v2\/pages\/1047","targetHints":{"allow":["GET"]}}],"collection":[{"href":"https:\/\/roadmapper.se\/en\/wp-json\/wp\/v2\/pages"}],"about":[{"href":"https:\/\/roadmapper.se\/en\/wp-json\/wp\/v2\/types\/page"}],"author":[{"embeddable":true,"href":"https:\/\/roadmapper.se\/en\/wp-json\/wp\/v2\/users\/4"}],"replies":[{"embeddable":true,"href":"https:\/\/roadmapper.se\/en\/wp-json\/wp\/v2\/comments?post=1047"}],"version-history":[{"count":8,"href":"https:\/\/roadmapper.se\/en\/wp-json\/wp\/v2\/pages\/1047\/revisions"}],"predecessor-version":[{"id":1057,"href":"https:\/\/roadmapper.se\/en\/wp-json\/wp\/v2\/pages\/1047\/revisions\/1057"}],"up":[{"embeddable":true,"href":"https:\/\/roadmapper.se\/en\/wp-json\/wp\/v2\/pages\/417"}],"wp:attachment":[{"href":"https:\/\/roadmapper.se\/en\/wp-json\/wp\/v2\/media?parent=1047"}],"curies":[{"name":"wp","href":"https:\/\/api.w.org\/{rel}","templated":true}]}}